{"id":1374,"date":"2025-10-16T13:59:37","date_gmt":"2025-10-16T13:59:37","guid":{"rendered":"https:\/\/tinyescape.co\/?page_id=1374"},"modified":"2026-04-03T09:54:56","modified_gmt":"2026-04-03T09:54:56","slug":"escape-planner-plant-ihr-erlebnis","status":"publish","type":"page","link":"https:\/\/tinyescape.co\/de\/escape-planner-plan-your-experience\/","title":{"rendered":"Fluchtweg-Planer"},"content":{"rendered":"<div data-elementor-type=\"wp-page\" data-elementor-id=\"1374\" class=\"elementor elementor-1374\" data-elementor-post-type=\"page\">\n\t\t\t\t<div class=\"elementor-element elementor-element-475e9fbe e-flex e-con-boxed e-con e-parent\" data-id=\"475e9fbe\" data-element_type=\"container\" data-e-type=\"container\" data-settings=\"{&quot;background_background&quot;:&quot;classic&quot;}\">\n\t\t\t\t\t<div class=\"e-con-inner\">\n\t\t<div class=\"elementor-element elementor-element-d6292e9 e-con-full e-flex e-con e-child\" data-id=\"d6292e9\" data-element_type=\"container\" data-e-type=\"container\">\n\t\t\t\t<div class=\"elementor-element elementor-element-bb58177 elementor-widget elementor-widget-heading\" data-id=\"bb58177\" data-element_type=\"widget\" data-e-type=\"widget\" data-widget_type=\"heading.default\">\n\t\t\t\t\t<h1 class=\"elementor-heading-title elementor-size-default\">Ihr pers\u00f6nliches\nPortal nach Portugal<\/h1>\t\t\t\t<\/div>\n\t\t\t\t<div class=\"elementor-element elementor-element-4f26d5c elementor-widget elementor-widget-text-editor\" data-id=\"4f26d5c\" data-element_type=\"widget\" data-e-type=\"widget\" data-widget_type=\"text-editor.default\">\n\t\t\t\t\t\t\t\t\t<p>Der Escape Planner ist Ihr digitaler Concierge, mit dem Sie Ihren Aufenthalt bei Tiny Escape auf intelligente und einfache Weise planen k\u00f6nnen. Egal, ob Sie von Wasserf\u00e4llen und Wein, einer ruhigen Woche mit B\u00fcchern und Lagerfeuer oder actionreichen Abenteuern in der Natur tr\u00e4umen, unser Planer hilft Ihnen, das perfekte Erlebnis f\u00fcr Sie zu finden - noch bevor Sie ankommen.<\/p>\t\t\t\t\t\t\t\t<\/div>\n\t\t\t\t<div class=\"elementor-element elementor-element-68a6dd8 elementor-tablet-align-center elementor-widget elementor-widget-button\" data-id=\"68a6dd8\" data-element_type=\"widget\" data-e-type=\"widget\" data-widget_type=\"button.default\">\n\t\t\t\t\t\t\t\t\t\t<a class=\"elementor-button elementor-button-link elementor-size-sm\" href=\"https:\/\/planner.tinyescape.co\/\" target=\"_blank\">\n\t\t\t\t\t\t<span class=\"elementor-button-content-wrapper\">\n\t\t\t\t\t\t\t\t\t<span class=\"elementor-button-text\">Versuchen Sie den Fluchtplaner<\/span>\n\t\t\t\t\t<\/span>\n\t\t\t\t\t<\/a>\n\t\t\t\t\t\t\t\t<\/div>\n\t\t\t\t<div class=\"elementor-element elementor-element-8a25880 elementor-widget-divider--view-line elementor-widget elementor-widget-divider\" data-id=\"8a25880\" data-element_type=\"widget\" data-e-type=\"widget\" data-widget_type=\"divider.default\">\n\t\t\t\t\t\t\t<div class=\"elementor-divider\">\n\t\t\t<span class=\"elementor-divider-separator\">\n\t\t\t\t\t\t<\/span>\n\t\t<\/div>\n\t\t\t\t\t\t<\/div>\n\t\t\t\t<div class=\"elementor-element elementor-element-322868e elementor-widget elementor-widget-heading\" data-id=\"322868e\" data-element_type=\"widget\" data-e-type=\"widget\" data-widget_type=\"heading.default\">\n\t\t\t\t\t<h3 class=\"elementor-heading-title elementor-size-default\">Was es ist<\/h3>\t\t\t\t<\/div>\n\t\t\t\t<div class=\"elementor-element elementor-element-4566418 elementor-widget elementor-widget-text-editor\" data-id=\"4566418\" data-element_type=\"widget\" data-e-type=\"widget\" data-widget_type=\"text-editor.default\">\n\t\t\t\t\t\t\t\t\t<p>Ein Tool zur Reiseplanung, das Ihnen hilft, die perfekte Reise nach Ihrer Stimmung, Ihrem Stil und Ihren Zielen zu planen.<\/p>\t\t\t\t\t\t\t\t<\/div>\n\t\t\t\t<\/div>\n\t\t<div class=\"elementor-element elementor-element-9edd672 e-con-full e-flex e-con e-child\" data-id=\"9edd672\" data-element_type=\"container\" data-e-type=\"container\" data-settings=\"{&quot;background_background&quot;:&quot;classic&quot;}\">\n\t\t\t\t<div class=\"elementor-element elementor-element-ee6ef7a elementor-widget-tablet__width-initial elementor-widget elementor-widget-heading\" data-id=\"ee6ef7a\" data-element_type=\"widget\" data-e-type=\"widget\" data-widget_type=\"heading.default\">\n\t\t\t\t\t<h2 class=\"elementor-heading-title elementor-size-default\">Dies ist nicht nur ein weiteres Buchungsformular. <span style=\"color: #000\">Es ist ein Gespr\u00e4ch.<\/span><\/h2>\t\t\t\t<\/div>\n\t\t\t\t<\/div>\n\t\t\t\t<div class=\"elementor-element elementor-element-5f7e931 elementor-widget__width-initial elementor-absolute custom-absolute elementor-hidden-tablet elementor-hidden-mobile elementor-widget elementor-widget-image\" data-id=\"5f7e931\" data-element_type=\"widget\" data-e-type=\"widget\" data-settings=\"{&quot;_position&quot;:&quot;absolute&quot;}\" data-widget_type=\"image.default\">\n\t\t\t\t\t\t\t\t\t\t\t\t\t\t\t<img fetchpriority=\"high\" decoding=\"async\" width=\"757\" height=\"651\" src=\"https:\/\/tinyescape.co\/wp-content\/uploads\/2025\/10\/Rectangle-10-1.png\" class=\"attachment-full size-full wp-image-1377\" alt=\"Rechteck 10 1\" srcset=\"https:\/\/tinyescape.co\/wp-content\/uploads\/2025\/10\/Rectangle-10-1.png 757w, https:\/\/tinyescape.co\/wp-content\/uploads\/2025\/10\/Rectangle-10-1-300x258.png 300w\" sizes=\"(max-width: 757px) 100vw, 757px\" \/>\t\t\t\t\t\t\t\t\t\t\t\t\t\t\t<\/div>\n\t\t\t\t\t<\/div>\n\t\t\t\t<\/div>\n\t\t<div class=\"elementor-element elementor-element-3adafd13 e-flex e-con-boxed e-con e-parent\" data-id=\"3adafd13\" data-element_type=\"container\" data-e-type=\"container\">\n\t\t\t\t\t<div class=\"e-con-inner\">\n\t\t\t\t<div class=\"elementor-element elementor-element-ff122b1 elementor-widget elementor-widget-heading\" data-id=\"ff122b1\" data-element_type=\"widget\" data-e-type=\"widget\" data-widget_type=\"heading.default\">\n\t\t\t\t\t<h2 class=\"elementor-heading-title elementor-size-default\">Wie es funktioniert\n<\/h2>\t\t\t\t<\/div>\n\t\t<div class=\"elementor-element elementor-element-c50ce57 e-con-full e-grid e-con e-child\" data-id=\"c50ce57\" data-element_type=\"container\" data-e-type=\"container\">\n\t\t<div class=\"elementor-element elementor-element-5a3eccd e-con-full e-flex e-con e-child\" data-id=\"5a3eccd\" data-element_type=\"container\" data-e-type=\"container\" data-settings=\"{&quot;background_background&quot;:&quot;classic&quot;}\">\n\t\t\t\t<div class=\"elementor-element elementor-element-083f6e1 elementor-widget elementor-widget-heading\" data-id=\"083f6e1\" data-element_type=\"widget\" data-e-type=\"widget\" data-widget_type=\"heading.default\">\n\t\t\t\t\t<h3 class=\"elementor-heading-title elementor-size-default\">1. Sagen Sie uns, was Sie m\u00f6gen<\/h3>\t\t\t\t<\/div>\n\t\t\t\t<div class=\"elementor-element elementor-element-395a608 elementor-widget elementor-widget-text-editor\" data-id=\"395a608\" data-element_type=\"widget\" data-e-type=\"widget\" data-widget_type=\"text-editor.default\">\n\t\t\t\t\t\t\t\t\t<p>Eine kurze Reihe unterhaltsamer, einfacher Fragen f\u00fchrt Sie zu den besten Angeboten, die auf Ihre Interessen, Ihren Reisestil, Ihr Tempo und Ihre Pers\u00f6nlichkeit abgestimmt sind.<\/p>\t\t\t\t\t\t\t\t<\/div>\n\t\t\t\t<\/div>\n\t\t\t\t<div class=\"elementor-element elementor-element-9d42deb elementor-widget elementor-widget-image\" data-id=\"9d42deb\" data-element_type=\"widget\" data-e-type=\"widget\" data-widget_type=\"image.default\">\n\t\t\t\t\t\t\t\t\t\t\t\t\t\t\t<img decoding=\"async\" width=\"505\" height=\"335\" src=\"https:\/\/tinyescape.co\/wp-content\/uploads\/2025\/10\/Rectangle-12-1.png\" class=\"attachment-full size-full wp-image-1402\" alt=\"Rechteck 12 1\" srcset=\"https:\/\/tinyescape.co\/wp-content\/uploads\/2025\/10\/Rectangle-12-1.png 505w, https:\/\/tinyescape.co\/wp-content\/uploads\/2025\/10\/Rectangle-12-1-300x199.png 300w\" sizes=\"(max-width: 505px) 100vw, 505px\" \/>\t\t\t\t\t\t\t\t\t\t\t\t\t\t\t<\/div>\n\t\t\t\t<\/div>\n\t\t<div class=\"elementor-element elementor-element-1a58688 e-con-full e-flex e-con e-child\" data-id=\"1a58688\" data-element_type=\"container\" data-e-type=\"container\" data-settings=\"{&quot;background_background&quot;:&quot;classic&quot;}\">\n\t\t<div class=\"elementor-element elementor-element-69ea972 e-con-full e-flex e-con e-child\" data-id=\"69ea972\" data-element_type=\"container\" data-e-type=\"container\">\n\t\t\t\t<div class=\"elementor-element elementor-element-b06bb70 elementor-widget elementor-widget-heading\" data-id=\"b06bb70\" data-element_type=\"widget\" data-e-type=\"widget\" data-widget_type=\"heading.default\">\n\t\t\t\t\t<h3 class=\"elementor-heading-title elementor-size-default\">2. Erhalten Sie Ihre pers\u00f6nliche Reiseroute<\/h3>\t\t\t\t<\/div>\n\t\t\t\t<div class=\"elementor-element elementor-element-a7dc965 elementor-widget elementor-widget-heading\" data-id=\"a7dc965\" data-element_type=\"widget\" data-e-type=\"widget\" data-widget_type=\"heading.default\">\n\t\t\t\t\t<p class=\"elementor-heading-title elementor-size-default\">Der Planer schl\u00e4gt vor:\n<\/p>\t\t\t\t<\/div>\n\t\t\t\t<div class=\"elementor-element elementor-element-42fe83d elementor-widget elementor-widget-heading\" data-id=\"42fe83d\" data-element_type=\"widget\" data-e-type=\"widget\" data-widget_type=\"heading.default\">\n\t\t\t\t\t<p class=\"elementor-heading-title elementor-size-default\">*Ideale Dauer des Aufenthalts<br>\n*Tagesrhythmus (langsame Vormittage? volle Nachmittage?)<br>\n*Ausfl\u00fcge, Erlebnisse vor Ort und Entspannungsm\u00f6glichkeiten<br>\n*Themenbezogene kleine H\u00e4user, die am besten zu Ihrer Stimmung passen<\/p>\t\t\t\t<\/div>\n\t\t\t\t<\/div>\n\t\t\t\t<\/div>\n\t\t<div class=\"elementor-element elementor-element-10743d7 e-con-full e-grid e-con e-child\" data-id=\"10743d7\" data-element_type=\"container\" data-e-type=\"container\">\n\t\t<div class=\"elementor-element elementor-element-f97c283 e-con-full e-flex e-con e-child\" data-id=\"f97c283\" data-element_type=\"container\" data-e-type=\"container\" data-settings=\"{&quot;background_background&quot;:&quot;classic&quot;}\">\n\t\t<div class=\"elementor-element elementor-element-a2c6511 e-flex e-con-boxed e-con e-child\" data-id=\"a2c6511\" data-element_type=\"container\" data-e-type=\"container\">\n\t\t\t\t\t<div class=\"e-con-inner\">\n\t\t\t\t<div class=\"elementor-element elementor-element-1d52be8 elementor-widget elementor-widget-heading\" data-id=\"1d52be8\" data-element_type=\"widget\" data-e-type=\"widget\" data-widget_type=\"heading.default\">\n\t\t\t\t\t<h3 class=\"elementor-heading-title elementor-size-default\">3. Selbstbewusst buchen<\/h3>\t\t\t\t<\/div>\n\t\t\t\t<div class=\"elementor-element elementor-element-552e75d elementor-widget elementor-widget-heading\" data-id=\"552e75d\" data-element_type=\"widget\" data-e-type=\"widget\" data-widget_type=\"heading.default\">\n\t\t\t\t\t<p class=\"elementor-heading-title elementor-size-default\">Wir geben Ihnen Empfehlungen zur Aufenthaltsdauer, und der Escape Planner verweist Sie auf unsere Website, auf der Sie garantiert immer den g\u00fcnstigsten Preis finden.<\/p>\t\t\t\t<\/div>\n\t\t\t\t\t<\/div>\n\t\t\t\t<\/div>\n\t\t\t\t<\/div>\n\t\t<div class=\"elementor-element elementor-element-05b4c4a e-con-full e-flex e-con e-child\" data-id=\"05b4c4a\" data-element_type=\"container\" data-e-type=\"container\" data-settings=\"{&quot;background_background&quot;:&quot;classic&quot;}\">\n\t\t\t\t<div class=\"elementor-element elementor-element-abb34f7 elementor-widget elementor-widget-heading\" data-id=\"abb34f7\" data-element_type=\"widget\" data-e-type=\"widget\" data-widget_type=\"heading.default\">\n\t\t\t\t\t<h3 class=\"elementor-heading-title elementor-size-default\">4. Genie\u00dfen Sie die pers\u00f6nliche Note\n<\/h3>\t\t\t\t<\/div>\n\t\t\t\t<div class=\"elementor-element elementor-element-20e2bd1 elementor-widget elementor-widget-text-editor\" data-id=\"20e2bd1\" data-element_type=\"widget\" data-e-type=\"widget\" data-widget_type=\"text-editor.default\">\n\t\t\t\t\t\t\t\t\t<p>Bei Ihrer Ankunft wei\u00df unser Team bereits, was Sie lieben - ob es sich um Yoga, Ihren Lieblingswein oder Wanderkarten f\u00fcr Ihr Abenteuer handelt.<\/p>\t\t\t\t\t\t\t\t<\/div>\n\t\t\t\t<\/div>\n\t\t\t\t<\/div>\n\t\t\t\t\t<\/div>\n\t\t\t\t<\/div>\n\t\t<div class=\"elementor-element elementor-element-39f385b8 e-flex e-con-boxed e-con e-parent\" data-id=\"39f385b8\" data-element_type=\"container\" data-e-type=\"container\" data-settings=\"{&quot;background_background&quot;:&quot;classic&quot;}\">\n\t\t\t\t\t<div class=\"e-con-inner\">\n\t\t\t\t<div class=\"elementor-element elementor-element-c74de7d elementor-widget elementor-widget-heading\" data-id=\"c74de7d\" data-element_type=\"widget\" data-e-type=\"widget\" data-widget_type=\"heading.default\">\n\t\t\t\t\t<h2 class=\"elementor-heading-title elementor-size-default\">Warum es etwas Besonderes ist<\/h2>\t\t\t\t<\/div>\n\t\t\t\t<div class=\"elementor-element elementor-element-2264e06 elementor-widget elementor-widget-text-editor\" data-id=\"2264e06\" data-element_type=\"widget\" data-e-type=\"widget\" data-widget_type=\"text-editor.default\">\n\t\t\t\t\t\t\t\t\t<p>Damit Sie mehr Freude haben, nicht damit Sie mehr Zeit am Bildschirm verbringen.<br \/>Erh\u00e4ltlich in Englisch und Portugiesisch.<\/p>\t\t\t\t\t\t\t\t<\/div>\n\t\t\t\t<div class=\"elementor-element elementor-element-d91ef78 elementor-tablet-align-center elementor-align-center elementor-widget elementor-widget-button\" data-id=\"d91ef78\" data-element_type=\"widget\" data-e-type=\"widget\" data-widget_type=\"button.default\">\n\t\t\t\t\t\t\t\t\t\t<a class=\"elementor-button elementor-button-link elementor-size-sm\" href=\"https:\/\/planner.tinyescape.co\/\">\n\t\t\t\t\t\t<span class=\"elementor-button-content-wrapper\">\n\t\t\t\t\t\t\t\t\t<span class=\"elementor-button-text\">Versuchen Sie den Fluchtplaner<\/span>\n\t\t\t\t\t<\/span>\n\t\t\t\t\t<\/a>\n\t\t\t\t\t\t\t\t<\/div>\n\t\t\t\t<div class=\"elementor-element elementor-element-6e3519b elementor-widget elementor-widget-image\" data-id=\"6e3519b\" data-element_type=\"widget\" data-e-type=\"widget\" data-widget_type=\"image.default\">\n\t\t\t\t\t\t\t\t\t\t\t\t\t\t\t<img decoding=\"async\" width=\"800\" height=\"210\" src=\"https:\/\/tinyescape.co\/wp-content\/uploads\/2025\/10\/Frame-452-1.svg\" class=\"attachment-large size-large wp-image-1429\" alt=\"Rahmen 452 1\" \/>\t\t\t\t\t\t\t\t\t\t\t\t\t\t\t<\/div>\n\t\t\t\t\t<\/div>\n\t\t\t\t<\/div>\n\t\t\t\t<\/div>","protected":false},"excerpt":{"rendered":"<p>Your Personalized Portal to Portugal Escape Planner is your digital concierge a smart, simple way to plan your stay at Tiny Escape. Whether you&#8217;re dreaming of waterfalls and wine, a slow week with books and bonfires, or action-packed adventures in nature, our planner helps tailor the perfect experience for you\u2014before you even arrive. Try the [&hellip;]<\/p>\n","protected":false},"author":1,"featured_media":0,"parent":0,"menu_order":0,"comment_status":"closed","ping_status":"closed","template":"elementor_header_footer","meta":{"_acf_changed":false,"footnotes":""},"class_list":["post-1374","page","type-page","status-publish","hentry"],"acf":[],"yoast_head":"<!-- This site is optimized with the Yoast SEO plugin v27.3 - https:\/\/yoast.com\/product\/yoast-seo-wordpress\/ -->\n<title>Escape Planner - Tiny Escape<\/title>\n<meta name=\"description\" content=\"Get ready for Escape Planner: Your portal to tailor every detail of your Tiny Escape experience in Portugal. Coming soon!\" \/>\n<meta name=\"robots\" content=\"index, follow, max-snippet:-1, max-image-preview:large, max-video-preview:-1\" \/>\n<link rel=\"canonical\" href=\"https:\/\/tinyescape.co\/de\/escape-planner-plant-ihr-erlebnis\/\" \/>\n<meta property=\"og:locale\" content=\"de_DE\" \/>\n<meta property=\"og:type\" content=\"article\" \/>\n<meta property=\"og:title\" content=\"Escape Planner - Tiny Escape\" \/>\n<meta property=\"og:description\" content=\"Get ready for Escape Planner: Your portal to tailor every detail of your Tiny Escape experience in Portugal. Coming soon!\" \/>\n<meta property=\"og:url\" content=\"https:\/\/tinyescape.co\/de\/escape-planner-plant-ihr-erlebnis\/\" \/>\n<meta property=\"og:site_name\" content=\"Tiny Escape\" \/>\n<meta property=\"article:modified_time\" content=\"2026-04-03T09:54:56+00:00\" \/>\n<meta property=\"og:image\" content=\"https:\/\/tinyescape.co\/wp-content\/uploads\/2025\/10\/Rectangle-10-1.png\" \/>\n\t<meta property=\"og:image:width\" content=\"757\" \/>\n\t<meta property=\"og:image:height\" content=\"651\" \/>\n\t<meta property=\"og:image:type\" content=\"image\/png\" \/>\n<meta name=\"twitter:card\" content=\"summary_large_image\" \/>\n<meta name=\"twitter:label1\" content=\"Gesch\u00e4tzte Lesezeit\" \/>\n\t<meta name=\"twitter:data1\" content=\"1\u00a0Minute\" \/>\n<script type=\"application\/ld+json\" class=\"yoast-schema-graph\">{\"@context\":\"https:\\\/\\\/schema.org\",\"@graph\":[{\"@type\":\"WebPage\",\"@id\":\"https:\\\/\\\/tinyescape.co\\\/escape-planner-plan-your-experience\\\/\",\"url\":\"https:\\\/\\\/tinyescape.co\\\/escape-planner-plan-your-experience\\\/\",\"name\":\"Escape Planner - Tiny Escape\",\"isPartOf\":{\"@id\":\"https:\\\/\\\/tinyescape.co\\\/#website\"},\"primaryImageOfPage\":{\"@id\":\"https:\\\/\\\/tinyescape.co\\\/escape-planner-plan-your-experience\\\/#primaryimage\"},\"image\":{\"@id\":\"https:\\\/\\\/tinyescape.co\\\/escape-planner-plan-your-experience\\\/#primaryimage\"},\"thumbnailUrl\":\"https:\\\/\\\/tinyescape.co\\\/wp-content\\\/uploads\\\/2025\\\/10\\\/Rectangle-10-1.png\",\"datePublished\":\"2025-10-16T13:59:37+00:00\",\"dateModified\":\"2026-04-03T09:54:56+00:00\",\"description\":\"Get ready for Escape Planner: Your portal to tailor every detail of your Tiny Escape experience in Portugal. Coming soon!\",\"breadcrumb\":{\"@id\":\"https:\\\/\\\/tinyescape.co\\\/escape-planner-plan-your-experience\\\/#breadcrumb\"},\"inLanguage\":\"de\",\"potentialAction\":[{\"@type\":\"ReadAction\",\"target\":[\"https:\\\/\\\/tinyescape.co\\\/escape-planner-plan-your-experience\\\/\"]}]},{\"@type\":\"ImageObject\",\"inLanguage\":\"de\",\"@id\":\"https:\\\/\\\/tinyescape.co\\\/escape-planner-plan-your-experience\\\/#primaryimage\",\"url\":\"https:\\\/\\\/tinyescape.co\\\/wp-content\\\/uploads\\\/2025\\\/10\\\/Rectangle-10-1.png\",\"contentUrl\":\"https:\\\/\\\/tinyescape.co\\\/wp-content\\\/uploads\\\/2025\\\/10\\\/Rectangle-10-1.png\"},{\"@type\":\"BreadcrumbList\",\"@id\":\"https:\\\/\\\/tinyescape.co\\\/escape-planner-plan-your-experience\\\/#breadcrumb\",\"itemListElement\":[{\"@type\":\"ListItem\",\"position\":1,\"name\":\"Home\",\"item\":\"https:\\\/\\\/tinyescape.co\\\/\"},{\"@type\":\"ListItem\",\"position\":2,\"name\":\"Escape Planner\"}]},{\"@type\":\"WebSite\",\"@id\":\"https:\\\/\\\/tinyescape.co\\\/#website\",\"url\":\"https:\\\/\\\/tinyescape.co\\\/\",\"name\":\"Tiny Escape\",\"description\":\"\",\"publisher\":{\"@id\":\"https:\\\/\\\/tinyescape.co\\\/#organization\"},\"potentialAction\":[{\"@type\":\"SearchAction\",\"target\":{\"@type\":\"EntryPoint\",\"urlTemplate\":\"https:\\\/\\\/tinyescape.co\\\/?s={search_term_string}\"},\"query-input\":{\"@type\":\"PropertyValueSpecification\",\"valueRequired\":true,\"valueName\":\"search_term_string\"}}],\"inLanguage\":\"de\"},{\"@type\":\"Organization\",\"@id\":\"https:\\\/\\\/tinyescape.co\\\/#organization\",\"name\":\"Tiny Escape\",\"url\":\"https:\\\/\\\/tinyescape.co\\\/\",\"logo\":{\"@type\":\"ImageObject\",\"inLanguage\":\"de\",\"@id\":\"https:\\\/\\\/tinyescape.co\\\/#\\\/schema\\\/logo\\\/image\\\/\",\"url\":\"https:\\\/\\\/tinyescape.co\\\/wp-content\\\/uploads\\\/2025\\\/09\\\/cropped-Tiny-Escape.png\",\"contentUrl\":\"https:\\\/\\\/tinyescape.co\\\/wp-content\\\/uploads\\\/2025\\\/09\\\/cropped-Tiny-Escape.png\",\"width\":219,\"height\":219,\"caption\":\"Tiny Escape\"},\"image\":{\"@id\":\"https:\\\/\\\/tinyescape.co\\\/#\\\/schema\\\/logo\\\/image\\\/\"}}]}<\/script>\n<!-- \/ Yoast SEO plugin. -->","yoast_head_json":{"title":"Fluchtplaner - Tiny Escape","description":"Machen Sie sich bereit f\u00fcr den Escape Planner: Ihr Portal, mit dem Sie jedes Detail Ihrer Tiny Escape-Erfahrung in Portugal individuell gestalten k\u00f6nnen. Demn\u00e4chst verf\u00fcgbar!","robots":{"index":"index","follow":"follow","max-snippet":"max-snippet:-1","max-image-preview":"max-image-preview:large","max-video-preview":"max-video-preview:-1"},"canonical":"https:\/\/tinyescape.co\/de\/escape-planner-plant-ihr-erlebnis\/","og_locale":"de_DE","og_type":"article","og_title":"Escape Planner - Tiny Escape","og_description":"Get ready for Escape Planner: Your portal to tailor every detail of your Tiny Escape experience in Portugal. Coming soon!","og_url":"https:\/\/tinyescape.co\/de\/escape-planner-plant-ihr-erlebnis\/","og_site_name":"Tiny Escape","article_modified_time":"2026-04-03T09:54:56+00:00","og_image":[{"width":757,"height":651,"url":"https:\/\/tinyescape.co\/wp-content\/uploads\/2025\/10\/Rectangle-10-1.png","type":"image\/png"}],"twitter_card":"summary_large_image","twitter_misc":{"Gesch\u00e4tzte Lesezeit":"1\u00a0Minute"},"schema":{"@context":"https:\/\/schema.org","@graph":[{"@type":"WebPage","@id":"https:\/\/tinyescape.co\/escape-planner-plan-your-experience\/","url":"https:\/\/tinyescape.co\/escape-planner-plan-your-experience\/","name":"Fluchtplaner - Tiny Escape","isPartOf":{"@id":"https:\/\/tinyescape.co\/#website"},"primaryImageOfPage":{"@id":"https:\/\/tinyescape.co\/escape-planner-plan-your-experience\/#primaryimage"},"image":{"@id":"https:\/\/tinyescape.co\/escape-planner-plan-your-experience\/#primaryimage"},"thumbnailUrl":"https:\/\/tinyescape.co\/wp-content\/uploads\/2025\/10\/Rectangle-10-1.png","datePublished":"2025-10-16T13:59:37+00:00","dateModified":"2026-04-03T09:54:56+00:00","description":"Machen Sie sich bereit f\u00fcr den Escape Planner: Ihr Portal, mit dem Sie jedes Detail Ihrer Tiny Escape-Erfahrung in Portugal individuell gestalten k\u00f6nnen. Demn\u00e4chst verf\u00fcgbar!","breadcrumb":{"@id":"https:\/\/tinyescape.co\/escape-planner-plan-your-experience\/#breadcrumb"},"inLanguage":"de","potentialAction":[{"@type":"ReadAction","target":["https:\/\/tinyescape.co\/escape-planner-plan-your-experience\/"]}]},{"@type":"ImageObject","inLanguage":"de","@id":"https:\/\/tinyescape.co\/escape-planner-plan-your-experience\/#primaryimage","url":"https:\/\/tinyescape.co\/wp-content\/uploads\/2025\/10\/Rectangle-10-1.png","contentUrl":"https:\/\/tinyescape.co\/wp-content\/uploads\/2025\/10\/Rectangle-10-1.png"},{"@type":"BreadcrumbList","@id":"https:\/\/tinyescape.co\/escape-planner-plan-your-experience\/#breadcrumb","itemListElement":[{"@type":"ListItem","position":1,"name":"Home","item":"https:\/\/tinyescape.co\/"},{"@type":"ListItem","position":2,"name":"Escape Planner"}]},{"@type":"WebSite","@id":"https:\/\/tinyescape.co\/#website","url":"https:\/\/tinyescape.co\/","name":"Tiny Escape","description":"","publisher":{"@id":"https:\/\/tinyescape.co\/#organization"},"potentialAction":[{"@type":"SearchAction","target":{"@type":"EntryPoint","urlTemplate":"https:\/\/tinyescape.co\/?s={search_term_string}"},"query-input":{"@type":"PropertyValueSpecification","valueRequired":true,"valueName":"search_term_string"}}],"inLanguage":"de"},{"@type":"Organization","@id":"https:\/\/tinyescape.co\/#organization","name":"Tiny Escape","url":"https:\/\/tinyescape.co\/","logo":{"@type":"ImageObject","inLanguage":"de","@id":"https:\/\/tinyescape.co\/#\/schema\/logo\/image\/","url":"https:\/\/tinyescape.co\/wp-content\/uploads\/2025\/09\/cropped-Tiny-Escape.png","contentUrl":"https:\/\/tinyescape.co\/wp-content\/uploads\/2025\/09\/cropped-Tiny-Escape.png","width":219,"height":219,"caption":"Tiny Escape"},"image":{"@id":"https:\/\/tinyescape.co\/#\/schema\/logo\/image\/"}}]}},"_links":{"self":[{"href":"https:\/\/tinyescape.co\/de\/wp-json\/wp\/v2\/pages\/1374","targetHints":{"allow":["GET"]}}],"collection":[{"href":"https:\/\/tinyescape.co\/de\/wp-json\/wp\/v2\/pages"}],"about":[{"href":"https:\/\/tinyescape.co\/de\/wp-json\/wp\/v2\/types\/page"}],"author":[{"embeddable":true,"href":"https:\/\/tinyescape.co\/de\/wp-json\/wp\/v2\/users\/1"}],"replies":[{"embeddable":true,"href":"https:\/\/tinyescape.co\/de\/wp-json\/wp\/v2\/comments?post=1374"}],"version-history":[{"count":65,"href":"https:\/\/tinyescape.co\/de\/wp-json\/wp\/v2\/pages\/1374\/revisions"}],"predecessor-version":[{"id":3482,"href":"https:\/\/tinyescape.co\/de\/wp-json\/wp\/v2\/pages\/1374\/revisions\/3482"}],"wp:attachment":[{"href":"https:\/\/tinyescape.co\/de\/wp-json\/wp\/v2\/media?parent=1374"}],"curies":[{"name":"wp","href":"https:\/\/api.w.org\/{rel}","templated":true}]}}