{"id":2329,"date":"2025-11-16T06:27:14","date_gmt":"2025-11-16T06:27:14","guid":{"rendered":"https:\/\/tinyescape.co\/?page_id=2329"},"modified":"2025-11-16T06:33:36","modified_gmt":"2025-11-16T06:33:36","slug":"rechtliche-offenlegung","status":"publish","type":"page","link":"https:\/\/tinyescape.co\/de\/legal-disclosure\/","title":{"rendered":"Impressum"},"content":{"rendered":"<h2><strong>1. Kontaktinformationen<\/strong><\/h2>\n<p>&nbsp;<\/p>\n<p>Vertreten durch: Wes English<\/p>\n<h2 data-start=\"196\" data-end=\"224\"><strong data-start=\"199\" data-end=\"224\">Haftung f\u00fcr Inhalte<\/strong><\/h2>\n<p data-start=\"226\" data-end=\"553\">Als Diensteanbieter sind wir gem\u00e4\u00df \u00a7 7 Abs.1 TMG f\u00fcr eigene Inhalte auf diesen Seiten nach den allgemeinen Gesetzen verantwortlich. Wir sind bem\u00fcht, alle Inhalte aktuell, vollst\u00e4ndig und richtig zu halten. Eine Haftung oder Garantie f\u00fcr die Aktualit\u00e4t, Vollst\u00e4ndigkeit und Richtigkeit der zur Verf\u00fcgung gestellten Inhalte kann jedoch nicht \u00fcbernommen werden.<\/p>\n<p data-start=\"555\" data-end=\"1043\">Nach \u00a7\u00a7 8 bis 10 TMG sind wir als Diensteanbieter jedoch nicht verpflichtet, \u00fcbermittelte oder gespeicherte fremde Informationen zu \u00fcberwachen oder nach Umst\u00e4nden zu forschen, die auf eine rechtswidrige T\u00e4tigkeit hinweisen. Verpflichtungen zur Entfernung oder Sperrung der Nutzung von Informationen nach den allgemeinen Gesetzen bleiben hiervon unber\u00fchrt. Eine diesbez\u00fcgliche Haftung ist jedoch erst ab dem Zeitpunkt der Kenntnis einer konkreten Rechtsverletzung m\u00f6glich. Bei Bekanntwerden von entsprechenden Rechtsverletzungen werden wir diese Inhalte umgehend entfernen.<\/p>\n<h2 data-start=\"1045\" data-end=\"1071\"><strong data-start=\"1048\" data-end=\"1071\">Haftung f\u00fcr Links<\/strong><\/h2>\n<p data-start=\"1073\" data-end=\"1350\">Unser Angebot enth\u00e4lt Links zu externen Webseiten Dritter, auf deren Inhalte wir keinen Einfluss haben. Deshalb k\u00f6nnen wir f\u00fcr diese fremden Inhalte auch keine Gew\u00e4hr \u00fcbernehmen. F\u00fcr die Inhalte der verlinkten Seiten ist stets der jeweilige Anbieter oder Betreiber der Seiten verantwortlich.<\/p>\n<p data-start=\"1352\" data-end=\"1614\">Die verlinkten Seiten wurden zum Zeitpunkt der Verlinkung auf m\u00f6gliche Rechtsverst\u00f6\u00dfe \u00fcberpr\u00fcft. Rechtswidrige Inhalte waren zum Zeitpunkt der Verlinkung nicht erkennbar. Eine permanente inhaltliche Kontrolle der verlinkten Seiten ist jedoch ohne konkrete Anhaltspunkte einer Rechtsverletzung nicht zumutbar.<\/p>\n<p data-start=\"1616\" data-end=\"1710\">Bei Bekanntwerden von Rechtsverletzungen auf verlinkten Seiten werden wir derartige Links umgehend entfernen.<\/p>\n<h2 data-start=\"1712\" data-end=\"1728\"><strong data-start=\"1715\" data-end=\"1728\">Urheberrecht<\/strong><\/h2>\n<p data-start=\"1730\" data-end=\"2037\">Die durch die Seitenbetreiber erstellten Inhalte und Werke auf diesen Seiten unterliegen dem deutschen Urheberrecht. Beitr\u00e4ge Dritter sind als solche gekennzeichnet. Die Vervielf\u00e4ltigung, Bearbeitung, Verbreitung und jede Art der Verwertung au\u00dferhalb der Grenzen des Urheberrechtes bed\u00fcrfen der schriftlichen Zustimmung des jeweiligen Autors bzw. Erstellers.<\/p>\n<p data-start=\"2039\" data-end=\"2231\">Downloads und Kopien dieser Seite sind nur f\u00fcr den privaten, nicht kommerziellen Gebrauch gestattet. Soweit die Inhalte auf dieser Seite nicht vom Betreiber erstellt wurden, werden die Urheberrechte Dritter beachtet.<\/p>\n<p data-start=\"2233\" data-end=\"2410\">Sollten Sie trotzdem auf eine Urheberrechtsverletzung aufmerksam werden, bitten wir um einen entsprechenden Hinweis. Bei Bekanntwerden von Rechtsverletzungen werden wir derartige Inhalte umgehend entfernen.<\/p>","protected":false},"excerpt":{"rendered":"<p>1. Contact Information &nbsp; Represented by: Wes English Liability for Content As a service provider, we are responsible for our own content on these pages in accordance with \u00a7 7(1) TMG and general legislation. We make every effort to keep all content up to date, complete, and correct. However, we cannot assume liability or guarantee [&hellip;]<\/p>\n","protected":false},"author":3,"featured_media":0,"parent":0,"menu_order":0,"comment_status":"closed","ping_status":"closed","template":"","meta":{"_acf_changed":false,"footnotes":""},"class_list":["post-2329","page","type-page","status-publish","hentry"],"acf":[],"yoast_head":"<!-- This site is optimized with the Yoast SEO plugin v27.3 - https:\/\/yoast.com\/product\/yoast-seo-wordpress\/ -->\n<title>Imprint - Tiny Escape<\/title>\n<meta name=\"robots\" content=\"index, follow, max-snippet:-1, max-image-preview:large, max-video-preview:-1\" \/>\n<link rel=\"canonical\" href=\"https:\/\/tinyescape.co\/de\/rechtliche-offenlegung\/\" \/>\n<meta property=\"og:locale\" content=\"de_DE\" \/>\n<meta property=\"og:type\" content=\"article\" \/>\n<meta property=\"og:title\" content=\"Imprint - Tiny Escape\" \/>\n<meta property=\"og:description\" content=\"1. Contact Information &nbsp; Represented by: Wes English Liability for Content As a service provider, we are responsible for our own content on these pages in accordance with \u00a7 7(1) TMG and general legislation. We make every effort to keep all content up to date, complete, and correct. However, we cannot assume liability or guarantee [&hellip;]\" \/>\n<meta property=\"og:url\" content=\"https:\/\/tinyescape.co\/de\/rechtliche-offenlegung\/\" \/>\n<meta property=\"og:site_name\" content=\"Tiny Escape\" \/>\n<meta property=\"article:modified_time\" content=\"2025-11-16T06:33:36+00:00\" \/>\n<meta name=\"twitter:card\" content=\"summary_large_image\" \/>\n<meta name=\"twitter:label1\" content=\"Gesch\u00e4tzte Lesezeit\" \/>\n\t<meta name=\"twitter:data1\" content=\"2\u00a0Minuten\" \/>\n<script type=\"application\/ld+json\" class=\"yoast-schema-graph\">{\"@context\":\"https:\\\/\\\/schema.org\",\"@graph\":[{\"@type\":\"WebPage\",\"@id\":\"https:\\\/\\\/tinyescape.co\\\/legal-disclosure\\\/\",\"url\":\"https:\\\/\\\/tinyescape.co\\\/legal-disclosure\\\/\",\"name\":\"Imprint - Tiny Escape\",\"isPartOf\":{\"@id\":\"https:\\\/\\\/tinyescape.co\\\/#website\"},\"datePublished\":\"2025-11-16T06:27:14+00:00\",\"dateModified\":\"2025-11-16T06:33:36+00:00\",\"breadcrumb\":{\"@id\":\"https:\\\/\\\/tinyescape.co\\\/legal-disclosure\\\/#breadcrumb\"},\"inLanguage\":\"de\",\"potentialAction\":[{\"@type\":\"ReadAction\",\"target\":[\"https:\\\/\\\/tinyescape.co\\\/legal-disclosure\\\/\"]}]},{\"@type\":\"BreadcrumbList\",\"@id\":\"https:\\\/\\\/tinyescape.co\\\/legal-disclosure\\\/#breadcrumb\",\"itemListElement\":[{\"@type\":\"ListItem\",\"position\":1,\"name\":\"Home\",\"item\":\"https:\\\/\\\/tinyescape.co\\\/\"},{\"@type\":\"ListItem\",\"position\":2,\"name\":\"Imprint\"}]},{\"@type\":\"WebSite\",\"@id\":\"https:\\\/\\\/tinyescape.co\\\/#website\",\"url\":\"https:\\\/\\\/tinyescape.co\\\/\",\"name\":\"Tiny Escape\",\"description\":\"\",\"publisher\":{\"@id\":\"https:\\\/\\\/tinyescape.co\\\/#organization\"},\"potentialAction\":[{\"@type\":\"SearchAction\",\"target\":{\"@type\":\"EntryPoint\",\"urlTemplate\":\"https:\\\/\\\/tinyescape.co\\\/?s={search_term_string}\"},\"query-input\":{\"@type\":\"PropertyValueSpecification\",\"valueRequired\":true,\"valueName\":\"search_term_string\"}}],\"inLanguage\":\"de\"},{\"@type\":\"Organization\",\"@id\":\"https:\\\/\\\/tinyescape.co\\\/#organization\",\"name\":\"Tiny Escape\",\"url\":\"https:\\\/\\\/tinyescape.co\\\/\",\"logo\":{\"@type\":\"ImageObject\",\"inLanguage\":\"de\",\"@id\":\"https:\\\/\\\/tinyescape.co\\\/#\\\/schema\\\/logo\\\/image\\\/\",\"url\":\"https:\\\/\\\/tinyescape.co\\\/wp-content\\\/uploads\\\/2025\\\/09\\\/cropped-Tiny-Escape.png\",\"contentUrl\":\"https:\\\/\\\/tinyescape.co\\\/wp-content\\\/uploads\\\/2025\\\/09\\\/cropped-Tiny-Escape.png\",\"width\":219,\"height\":219,\"caption\":\"Tiny Escape\"},\"image\":{\"@id\":\"https:\\\/\\\/tinyescape.co\\\/#\\\/schema\\\/logo\\\/image\\\/\"}}]}<\/script>\n<!-- \/ Yoast SEO plugin. -->","yoast_head_json":{"title":"Impressum - Tiny Escape","robots":{"index":"index","follow":"follow","max-snippet":"max-snippet:-1","max-image-preview":"max-image-preview:large","max-video-preview":"max-video-preview:-1"},"canonical":"https:\/\/tinyescape.co\/de\/rechtliche-offenlegung\/","og_locale":"de_DE","og_type":"article","og_title":"Imprint - Tiny Escape","og_description":"1. Contact Information &nbsp; Represented by: Wes English Liability for Content As a service provider, we are responsible for our own content on these pages in accordance with \u00a7 7(1) TMG and general legislation. We make every effort to keep all content up to date, complete, and correct. However, we cannot assume liability or guarantee [&hellip;]","og_url":"https:\/\/tinyescape.co\/de\/rechtliche-offenlegung\/","og_site_name":"Tiny Escape","article_modified_time":"2025-11-16T06:33:36+00:00","twitter_card":"summary_large_image","twitter_misc":{"Gesch\u00e4tzte Lesezeit":"2\u00a0Minuten"},"schema":{"@context":"https:\/\/schema.org","@graph":[{"@type":"WebPage","@id":"https:\/\/tinyescape.co\/legal-disclosure\/","url":"https:\/\/tinyescape.co\/legal-disclosure\/","name":"Impressum - Tiny Escape","isPartOf":{"@id":"https:\/\/tinyescape.co\/#website"},"datePublished":"2025-11-16T06:27:14+00:00","dateModified":"2025-11-16T06:33:36+00:00","breadcrumb":{"@id":"https:\/\/tinyescape.co\/legal-disclosure\/#breadcrumb"},"inLanguage":"de","potentialAction":[{"@type":"ReadAction","target":["https:\/\/tinyescape.co\/legal-disclosure\/"]}]},{"@type":"BreadcrumbList","@id":"https:\/\/tinyescape.co\/legal-disclosure\/#breadcrumb","itemListElement":[{"@type":"ListItem","position":1,"name":"Home","item":"https:\/\/tinyescape.co\/"},{"@type":"ListItem","position":2,"name":"Imprint"}]},{"@type":"WebSite","@id":"https:\/\/tinyescape.co\/#website","url":"https:\/\/tinyescape.co\/","name":"Tiny Escape","description":"","publisher":{"@id":"https:\/\/tinyescape.co\/#organization"},"potentialAction":[{"@type":"SearchAction","target":{"@type":"EntryPoint","urlTemplate":"https:\/\/tinyescape.co\/?s={search_term_string}"},"query-input":{"@type":"PropertyValueSpecification","valueRequired":true,"valueName":"search_term_string"}}],"inLanguage":"de"},{"@type":"Organization","@id":"https:\/\/tinyescape.co\/#organization","name":"Tiny Escape","url":"https:\/\/tinyescape.co\/","logo":{"@type":"ImageObject","inLanguage":"de","@id":"https:\/\/tinyescape.co\/#\/schema\/logo\/image\/","url":"https:\/\/tinyescape.co\/wp-content\/uploads\/2025\/09\/cropped-Tiny-Escape.png","contentUrl":"https:\/\/tinyescape.co\/wp-content\/uploads\/2025\/09\/cropped-Tiny-Escape.png","width":219,"height":219,"caption":"Tiny Escape"},"image":{"@id":"https:\/\/tinyescape.co\/#\/schema\/logo\/image\/"}}]}},"_links":{"self":[{"href":"https:\/\/tinyescape.co\/de\/wp-json\/wp\/v2\/pages\/2329","targetHints":{"allow":["GET"]}}],"collection":[{"href":"https:\/\/tinyescape.co\/de\/wp-json\/wp\/v2\/pages"}],"about":[{"href":"https:\/\/tinyescape.co\/de\/wp-json\/wp\/v2\/types\/page"}],"author":[{"embeddable":true,"href":"https:\/\/tinyescape.co\/de\/wp-json\/wp\/v2\/users\/3"}],"replies":[{"embeddable":true,"href":"https:\/\/tinyescape.co\/de\/wp-json\/wp\/v2\/comments?post=2329"}],"version-history":[{"count":3,"href":"https:\/\/tinyescape.co\/de\/wp-json\/wp\/v2\/pages\/2329\/revisions"}],"predecessor-version":[{"id":2336,"href":"https:\/\/tinyescape.co\/de\/wp-json\/wp\/v2\/pages\/2329\/revisions\/2336"}],"wp:attachment":[{"href":"https:\/\/tinyescape.co\/de\/wp-json\/wp\/v2\/media?parent=2329"}],"curies":[{"name":"wp","href":"https:\/\/api.w.org\/{rel}","templated":true}]}}