{"id":2329,"date":"2025-11-16T06:27:14","date_gmt":"2025-11-16T06:27:14","guid":{"rendered":"https:\/\/tinyescape.co\/?page_id=2329"},"modified":"2025-11-16T06:33:36","modified_gmt":"2025-11-16T06:33:36","slug":"divulgacion-legal","status":"publish","type":"page","link":"https:\/\/tinyescape.co\/es\/legal-disclosure\/","title":{"rendered":"Pie de imprenta"},"content":{"rendered":"<h2><strong>1. 1. Informaci\u00f3n de contacto<\/strong><\/h2>\n<p>&nbsp;<\/p>\n<p>Representado por: Wes English<\/p>\n<h2 data-start=\"196\" data-end=\"224\"><strong data-start=\"199\" data-end=\"224\">Responsabilidad por los contenidos<\/strong><\/h2>\n<p data-start=\"226\" data-end=\"553\">Como proveedor de servicios, somos responsables de nuestro propio contenido en estas p\u00e1ginas de conformidad con el art\u00edculo 7, apartado 1, de la TMG y la legislaci\u00f3n general. Hacemos todo lo posible por mantener todos los contenidos actualizados, completos y correctos. Sin embargo, no podemos asumir responsabilidad o garant\u00eda alguna por la actualidad, integridad o exactitud de los contenidos proporcionados.<\/p>\n<p data-start=\"555\" data-end=\"1043\">Seg\u00fan los art\u00edculos 8 a 10 de la TMG, como proveedores de servicios no estamos obligados a supervisar la informaci\u00f3n de terceros transmitida o almacenada ni a investigar circunstancias que indiquen una actividad il\u00edcita. Las obligaciones de eliminar o bloquear el uso de informaci\u00f3n en virtud de la legislaci\u00f3n general no se ven afectadas. Sin embargo, la responsabilidad a este respecto s\u00f3lo es posible a partir del momento en que tengamos conocimiento de una infracci\u00f3n legal espec\u00edfica. Si tenemos conocimiento de tales infracciones, eliminaremos inmediatamente los contenidos afectados.<\/p>\n<h2 data-start=\"1045\" data-end=\"1071\"><strong data-start=\"1048\" data-end=\"1071\">Responsabilidad de los enlaces<\/strong><\/h2>\n<p data-start=\"1073\" data-end=\"1350\">Nuestro sitio web contiene enlaces a sitios web externos de terceros, sobre cuyo contenido no tenemos ning\u00fan control. Por lo tanto, no podemos asumir ninguna responsabilidad por estos contenidos externos. El respectivo proveedor u operador de las p\u00e1ginas enlazadas es siempre responsable de su contenido.<\/p>\n<p data-start=\"1352\" data-end=\"1614\">En el momento de establecer el enlace, se comprob\u00f3 si las p\u00e1ginas enlazadas infring\u00edan la ley. En ese momento no se detect\u00f3 ning\u00fan contenido ilegal. No obstante, la supervisi\u00f3n permanente del contenido de las p\u00e1ginas enlazadas no es razonable sin pruebas concretas de una infracci\u00f3n legal.<\/p>\n<p data-start=\"1616\" data-end=\"1710\">Si tenemos conocimiento de infracciones legales en los sitios enlazados, eliminaremos dichos enlaces inmediatamente.<\/p>\n<h2 data-start=\"1712\" data-end=\"1728\"><strong data-start=\"1715\" data-end=\"1728\">Copyright<\/strong><\/h2>\n<p data-start=\"1730\" data-end=\"2037\">Los contenidos y obras creados por los operadores del sitio en estas p\u00e1ginas est\u00e1n sujetos a la legislaci\u00f3n alemana sobre derechos de autor. Las contribuciones de terceros est\u00e1n marcadas como tales. La reproducci\u00f3n, edici\u00f3n, distribuci\u00f3n y cualquier tipo de uso fuera de los l\u00edmites de la ley de derechos de autor requieren el consentimiento por escrito del autor o creador respectivo.<\/p>\n<p data-start=\"2039\" data-end=\"2231\">Las descargas y copias de este sitio s\u00f3lo est\u00e1n permitidas para uso privado y no comercial. Cuando el contenido de este sitio no haya sido creado por el operador, se respetar\u00e1n los derechos de autor de terceros.<\/p>\n<p data-start=\"2233\" data-end=\"2410\">No obstante, si tiene conocimiento de una infracci\u00f3n de los derechos de autor, le rogamos que nos lo notifique. En cuanto tengamos conocimiento de cualquier infracci\u00f3n legal, eliminaremos dicho contenido inmediatamente.<\/p>","protected":false},"excerpt":{"rendered":"<p>1. Contact Information &nbsp; Represented by: Wes English Liability for Content As a service provider, we are responsible for our own content on these pages in accordance with \u00a7 7(1) TMG and general legislation. We make every effort to keep all content up to date, complete, and correct. However, we cannot assume liability or guarantee [&hellip;]<\/p>\n","protected":false},"author":3,"featured_media":0,"parent":0,"menu_order":0,"comment_status":"closed","ping_status":"closed","template":"","meta":{"_acf_changed":false,"footnotes":""},"class_list":["post-2329","page","type-page","status-publish","hentry"],"acf":[],"yoast_head":"<!-- This site is optimized with the Yoast SEO plugin v27.3 - https:\/\/yoast.com\/product\/yoast-seo-wordpress\/ -->\n<title>Imprint - Tiny Escape<\/title>\n<meta name=\"robots\" content=\"index, follow, max-snippet:-1, max-image-preview:large, max-video-preview:-1\" \/>\n<link rel=\"canonical\" href=\"https:\/\/tinyescape.co\/es\/divulgacion-legal\/\" \/>\n<meta property=\"og:locale\" content=\"es_ES\" \/>\n<meta property=\"og:type\" content=\"article\" \/>\n<meta property=\"og:title\" content=\"Imprint - Tiny Escape\" \/>\n<meta property=\"og:description\" content=\"1. Contact Information &nbsp; Represented by: Wes English Liability for Content As a service provider, we are responsible for our own content on these pages in accordance with \u00a7 7(1) TMG and general legislation. We make every effort to keep all content up to date, complete, and correct. However, we cannot assume liability or guarantee [&hellip;]\" \/>\n<meta property=\"og:url\" content=\"https:\/\/tinyescape.co\/es\/divulgacion-legal\/\" \/>\n<meta property=\"og:site_name\" content=\"Tiny Escape\" \/>\n<meta property=\"article:modified_time\" content=\"2025-11-16T06:33:36+00:00\" \/>\n<meta name=\"twitter:card\" content=\"summary_large_image\" \/>\n<meta name=\"twitter:label1\" content=\"Tiempo de lectura\" \/>\n\t<meta name=\"twitter:data1\" content=\"2 minutos\" \/>\n<script type=\"application\/ld+json\" class=\"yoast-schema-graph\">{\"@context\":\"https:\\\/\\\/schema.org\",\"@graph\":[{\"@type\":\"WebPage\",\"@id\":\"https:\\\/\\\/tinyescape.co\\\/legal-disclosure\\\/\",\"url\":\"https:\\\/\\\/tinyescape.co\\\/legal-disclosure\\\/\",\"name\":\"Imprint - Tiny Escape\",\"isPartOf\":{\"@id\":\"https:\\\/\\\/tinyescape.co\\\/#website\"},\"datePublished\":\"2025-11-16T06:27:14+00:00\",\"dateModified\":\"2025-11-16T06:33:36+00:00\",\"breadcrumb\":{\"@id\":\"https:\\\/\\\/tinyescape.co\\\/legal-disclosure\\\/#breadcrumb\"},\"inLanguage\":\"es\",\"potentialAction\":[{\"@type\":\"ReadAction\",\"target\":[\"https:\\\/\\\/tinyescape.co\\\/legal-disclosure\\\/\"]}]},{\"@type\":\"BreadcrumbList\",\"@id\":\"https:\\\/\\\/tinyescape.co\\\/legal-disclosure\\\/#breadcrumb\",\"itemListElement\":[{\"@type\":\"ListItem\",\"position\":1,\"name\":\"Home\",\"item\":\"https:\\\/\\\/tinyescape.co\\\/\"},{\"@type\":\"ListItem\",\"position\":2,\"name\":\"Imprint\"}]},{\"@type\":\"WebSite\",\"@id\":\"https:\\\/\\\/tinyescape.co\\\/#website\",\"url\":\"https:\\\/\\\/tinyescape.co\\\/\",\"name\":\"Tiny Escape\",\"description\":\"\",\"publisher\":{\"@id\":\"https:\\\/\\\/tinyescape.co\\\/#organization\"},\"potentialAction\":[{\"@type\":\"SearchAction\",\"target\":{\"@type\":\"EntryPoint\",\"urlTemplate\":\"https:\\\/\\\/tinyescape.co\\\/?s={search_term_string}\"},\"query-input\":{\"@type\":\"PropertyValueSpecification\",\"valueRequired\":true,\"valueName\":\"search_term_string\"}}],\"inLanguage\":\"es\"},{\"@type\":\"Organization\",\"@id\":\"https:\\\/\\\/tinyescape.co\\\/#organization\",\"name\":\"Tiny Escape\",\"url\":\"https:\\\/\\\/tinyescape.co\\\/\",\"logo\":{\"@type\":\"ImageObject\",\"inLanguage\":\"es\",\"@id\":\"https:\\\/\\\/tinyescape.co\\\/#\\\/schema\\\/logo\\\/image\\\/\",\"url\":\"https:\\\/\\\/tinyescape.co\\\/wp-content\\\/uploads\\\/2025\\\/09\\\/cropped-Tiny-Escape.png\",\"contentUrl\":\"https:\\\/\\\/tinyescape.co\\\/wp-content\\\/uploads\\\/2025\\\/09\\\/cropped-Tiny-Escape.png\",\"width\":219,\"height\":219,\"caption\":\"Tiny Escape\"},\"image\":{\"@id\":\"https:\\\/\\\/tinyescape.co\\\/#\\\/schema\\\/logo\\\/image\\\/\"}}]}<\/script>\n<!-- \/ Yoast SEO plugin. -->","yoast_head_json":{"title":"Pie de imprenta - Tiny Escape","robots":{"index":"index","follow":"follow","max-snippet":"max-snippet:-1","max-image-preview":"max-image-preview:large","max-video-preview":"max-video-preview:-1"},"canonical":"https:\/\/tinyescape.co\/es\/divulgacion-legal\/","og_locale":"es_ES","og_type":"article","og_title":"Imprint - Tiny Escape","og_description":"1. Contact Information &nbsp; Represented by: Wes English Liability for Content As a service provider, we are responsible for our own content on these pages in accordance with \u00a7 7(1) TMG and general legislation. We make every effort to keep all content up to date, complete, and correct. However, we cannot assume liability or guarantee [&hellip;]","og_url":"https:\/\/tinyescape.co\/es\/divulgacion-legal\/","og_site_name":"Tiny Escape","article_modified_time":"2025-11-16T06:33:36+00:00","twitter_card":"summary_large_image","twitter_misc":{"Tiempo de lectura":"2 minutos"},"schema":{"@context":"https:\/\/schema.org","@graph":[{"@type":"WebPage","@id":"https:\/\/tinyescape.co\/legal-disclosure\/","url":"https:\/\/tinyescape.co\/legal-disclosure\/","name":"Pie de imprenta - Tiny Escape","isPartOf":{"@id":"https:\/\/tinyescape.co\/#website"},"datePublished":"2025-11-16T06:27:14+00:00","dateModified":"2025-11-16T06:33:36+00:00","breadcrumb":{"@id":"https:\/\/tinyescape.co\/legal-disclosure\/#breadcrumb"},"inLanguage":"es","potentialAction":[{"@type":"ReadAction","target":["https:\/\/tinyescape.co\/legal-disclosure\/"]}]},{"@type":"BreadcrumbList","@id":"https:\/\/tinyescape.co\/legal-disclosure\/#breadcrumb","itemListElement":[{"@type":"ListItem","position":1,"name":"Home","item":"https:\/\/tinyescape.co\/"},{"@type":"ListItem","position":2,"name":"Imprint"}]},{"@type":"WebSite","@id":"https:\/\/tinyescape.co\/#website","url":"https:\/\/tinyescape.co\/","name":"Peque\u00f1a escapada","description":"","publisher":{"@id":"https:\/\/tinyescape.co\/#organization"},"potentialAction":[{"@type":"SearchAction","target":{"@type":"EntryPoint","urlTemplate":"https:\/\/tinyescape.co\/?s={search_term_string}"},"query-input":{"@type":"PropertyValueSpecification","valueRequired":true,"valueName":"search_term_string"}}],"inLanguage":"es"},{"@type":"Organization","@id":"https:\/\/tinyescape.co\/#organization","name":"Peque\u00f1a escapada","url":"https:\/\/tinyescape.co\/","logo":{"@type":"ImageObject","inLanguage":"es","@id":"https:\/\/tinyescape.co\/#\/schema\/logo\/image\/","url":"https:\/\/tinyescape.co\/wp-content\/uploads\/2025\/09\/cropped-Tiny-Escape.png","contentUrl":"https:\/\/tinyescape.co\/wp-content\/uploads\/2025\/09\/cropped-Tiny-Escape.png","width":219,"height":219,"caption":"Tiny Escape"},"image":{"@id":"https:\/\/tinyescape.co\/#\/schema\/logo\/image\/"}}]}},"_links":{"self":[{"href":"https:\/\/tinyescape.co\/es\/wp-json\/wp\/v2\/pages\/2329","targetHints":{"allow":["GET"]}}],"collection":[{"href":"https:\/\/tinyescape.co\/es\/wp-json\/wp\/v2\/pages"}],"about":[{"href":"https:\/\/tinyescape.co\/es\/wp-json\/wp\/v2\/types\/page"}],"author":[{"embeddable":true,"href":"https:\/\/tinyescape.co\/es\/wp-json\/wp\/v2\/users\/3"}],"replies":[{"embeddable":true,"href":"https:\/\/tinyescape.co\/es\/wp-json\/wp\/v2\/comments?post=2329"}],"version-history":[{"count":3,"href":"https:\/\/tinyescape.co\/es\/wp-json\/wp\/v2\/pages\/2329\/revisions"}],"predecessor-version":[{"id":2336,"href":"https:\/\/tinyescape.co\/es\/wp-json\/wp\/v2\/pages\/2329\/revisions\/2336"}],"wp:attachment":[{"href":"https:\/\/tinyescape.co\/es\/wp-json\/wp\/v2\/media?parent=2329"}],"curies":[{"name":"wp","href":"https:\/\/api.w.org\/{rel}","templated":true}]}}