{"id":3753,"date":"2026-04-27T18:17:41","date_gmt":"2026-04-27T18:17:41","guid":{"rendered":"https:\/\/tinyescape.co\/?page_id=3753"},"modified":"2026-04-28T11:55:40","modified_gmt":"2026-04-28T11:55:40","slug":"visita-vouzela","status":"publish","type":"page","link":"https:\/\/tinyescape.co\/es\/visit-vouzela\/","title":{"rendered":"Visita Vouzela y Viseu: Una Gu\u00eda Local"},"content":{"rendered":"<div data-elementor-type=\"wp-page\" data-elementor-id=\"3753\" class=\"elementor elementor-3753\" data-elementor-post-type=\"page\">\n\t\t\t\t<div class=\"elementor-element elementor-element-309a313 e-flex e-con-boxed e-con e-parent\" data-id=\"309a313\" data-element_type=\"container\" data-e-type=\"container\">\n\t\t\t\t\t<div class=\"e-con-inner\">\n\t\t<div class=\"elementor-element elementor-element-52c290a e-con-full e-flex e-con e-child\" data-id=\"52c290a\" data-element_type=\"container\" data-e-type=\"container\">\n\t\t\t\t<div class=\"elementor-element elementor-element-16d0157 elementor-icon-list--layout-traditional elementor-list-item-link-full_width elementor-widget elementor-widget-icon-list\" data-id=\"16d0157\" data-element_type=\"widget\" data-e-type=\"widget\" data-widget_type=\"icon-list.default\">\n\t\t\t\t\t\t\t<ul class=\"elementor-icon-list-items\">\n\t\t\t\t\t\t\t<li class=\"elementor-icon-list-item\">\n\t\t\t\t\t\t\t\t\t\t\t<span class=\"elementor-icon-list-icon\">\n\t\t\t\t\t\t\t<svg aria-hidden=\"true\" class=\"e-font-icon-svg e-fas-chevron-circle-right\" viewbox=\"0 0 512 512\" xmlns=\"http:\/\/www.w3.org\/2000\/svg\"><path d=\"M256 8c137 0 248 111 248 248S393 504 256 504 8 393 8 256 119 8 256 8zm113.9 231L234.4 103.5c-9.4-9.4-24.6-9.4-33.9 0l-17 17c-9.4 9.4-9.4 24.6 0 33.9L285.1 256 183.5 357.6c-9.4 9.4-9.4 24.6 0 33.9l17 17c9.4 9.4 24.6 9.4 33.9 0L369.9 273c9.4-9.4 9.4-24.6 0-34z\"><\/path><\/svg>\t\t\t\t\t\t<\/span>\n\t\t\t\t\t\t\t\t\t\t<span class=\"elementor-icon-list-text\">Desde Oporto: 1h 10m (A1 y A25)<\/span>\n\t\t\t\t\t\t\t\t\t<\/li>\n\t\t\t\t\t\t\t\t<li class=\"elementor-icon-list-item\">\n\t\t\t\t\t\t\t\t\t\t\t<span class=\"elementor-icon-list-icon\">\n\t\t\t\t\t\t\t<svg aria-hidden=\"true\" class=\"e-font-icon-svg e-fas-chevron-circle-right\" viewbox=\"0 0 512 512\" xmlns=\"http:\/\/www.w3.org\/2000\/svg\"><path d=\"M256 8c137 0 248 111 248 248S393 504 256 504 8 393 8 256 119 8 256 8zm113.9 231L234.4 103.5c-9.4-9.4-24.6-9.4-33.9 0l-17 17c-9.4 9.4-9.4 24.6 0 33.9L285.1 256 183.5 357.6c-9.4 9.4-9.4 24.6 0 33.9l17 17c9.4 9.4 24.6 9.4 33.9 0L369.9 273c9.4-9.4 9.4-24.6 0-34z\"><\/path><\/svg>\t\t\t\t\t\t<\/span>\n\t\t\t\t\t\t\t\t\t\t<span class=\"elementor-icon-list-text\">De Lisboa: 2h 50m (A1)<\/span>\n\t\t\t\t\t\t\t\t\t<\/li>\n\t\t\t\t\t\t\t\t<li class=\"elementor-icon-list-item\">\n\t\t\t\t\t\t\t\t\t\t\t<span class=\"elementor-icon-list-icon\">\n\t\t\t\t\t\t\t<svg aria-hidden=\"true\" class=\"e-font-icon-svg e-fas-chevron-circle-right\" viewbox=\"0 0 512 512\" xmlns=\"http:\/\/www.w3.org\/2000\/svg\"><path d=\"M256 8c137 0 248 111 248 248S393 504 256 504 8 393 8 256 119 8 256 8zm113.9 231L234.4 103.5c-9.4-9.4-24.6-9.4-33.9 0l-17 17c-9.4 9.4-9.4 24.6 0 33.9L285.1 256 183.5 357.6c-9.4 9.4-9.4 24.6 0 33.9l17 17c9.4 9.4 24.6 9.4 33.9 0L369.9 273c9.4-9.4 9.4-24.6 0-34z\"><\/path><\/svg>\t\t\t\t\t\t<\/span>\n\t\t\t\t\t\t\t\t\t\t<span class=\"elementor-icon-list-text\">Desde Viseu: 20m (A25)<\/span>\n\t\t\t\t\t\t\t\t\t<\/li>\n\t\t\t\t\t\t<\/ul>\n\t\t\t\t\t\t<\/div>\n\t\t\t\t<\/div>\n\t\t<div class=\"elementor-element elementor-element-1a258fd e-con-full e-flex e-con e-child\" data-id=\"1a258fd\" data-element_type=\"container\" data-e-type=\"container\">\n\t\t\t\t<div class=\"elementor-element elementor-element-f457fea elementor-widget elementor-widget-google_maps\" data-id=\"f457fea\" data-element_type=\"widget\" data-e-type=\"widget\" data-widget_type=\"google_maps.default\">\n\t\t\t\t\t\t\t<div class=\"elementor-custom-embed\">\n\t\t\t<iframe loading=\"lazy\"\n\t\t\t\t\tsrc=\"https:\/\/maps.google.com\/maps?q=Tiny%20Escape&#038;t=m&#038;z=14&#038;output=embed&#038;iwloc=near\"\n\t\t\t\t\ttitle=\"Peque\u00f1a escapada\"\n\t\t\t\t\taria-label=\"Peque\u00f1a escapada\"\n\t\t\t><\/iframe>\n\t\t<\/div>\n\t\t\t\t\t\t<\/div>\n\t\t\t\t<\/div>\n\t\t\t\t\t<\/div>\n\t\t\t\t<\/div>\n\t\t<div class=\"elementor-element elementor-element-0948240 e-grid e-con-boxed e-con e-parent\" data-id=\"0948240\" data-element_type=\"container\" data-e-type=\"container\">\n\t\t\t\t\t<div class=\"e-con-inner\">\n\t\t\t\t<div class=\"elementor-element elementor-element-d8c0d11 elementor-widget elementor-widget-image\" data-id=\"d8c0d11\" data-element_type=\"widget\" data-e-type=\"widget\" data-widget_type=\"image.default\">\n\t\t\t\t\t\t\t\t\t\t\t\t<figure class=\"wp-caption\">\n\t\t\t\t\t\t\t\t\t\t\t<a href=\"https:\/\/tinyescape.co\/es\/sao-pedro-do-sul-termas\/\">\n\t\t\t\t\t\t\t<img fetchpriority=\"high\" decoding=\"async\" width=\"1920\" height=\"2560\" src=\"https:\/\/tinyescape.co\/wp-content\/uploads\/2026\/03\/Photo-Apr-20-2024-7-57-00-PM-1-scaled.jpg\" class=\"attachment-full size-full wp-image-3331\" alt=\"Experimente los hist\u00f3ricos ba\u00f1os romanos antiguos de S\u00e3o Pedro do Sul\" srcset=\"https:\/\/tinyescape.co\/wp-content\/uploads\/2026\/03\/Photo-Apr-20-2024-7-57-00-PM-1-scaled.jpg 1920w, https:\/\/tinyescape.co\/wp-content\/uploads\/2026\/03\/Photo-Apr-20-2024-7-57-00-PM-1-225x300.jpg 225w, https:\/\/tinyescape.co\/wp-content\/uploads\/2026\/03\/Photo-Apr-20-2024-7-57-00-PM-1-768x1024.jpg 768w, https:\/\/tinyescape.co\/wp-content\/uploads\/2026\/03\/Photo-Apr-20-2024-7-57-00-PM-1-1152x1536.jpg 1152w, https:\/\/tinyescape.co\/wp-content\/uploads\/2026\/03\/Photo-Apr-20-2024-7-57-00-PM-1-1536x2048.jpg 1536w, https:\/\/tinyescape.co\/wp-content\/uploads\/2026\/03\/Photo-Apr-20-2024-7-57-00-PM-1-9x12.jpg 9w\" sizes=\"(max-width: 1920px) 100vw, 1920px\" \/>\t\t\t\t\t\t\t\t<\/a>\n\t\t\t\t\t\t\t\t\t\t\t<figcaption class=\"widget-image-caption wp-caption-text\">S\u00e3o Pedro do Sul Termas<\/figcaption>\n\t\t\t\t\t\t\t\t\t\t<\/figure>\n\t\t\t\t\t\t\t\t\t<\/div>\n\t\t\t\t<div class=\"elementor-element elementor-element-2f5a7f8 elementor-widget elementor-widget-image\" data-id=\"2f5a7f8\" data-element_type=\"widget\" data-e-type=\"widget\" data-widget_type=\"image.default\">\n\t\t\t\t\t\t\t\t\t\t\t\t<figure class=\"wp-caption\">\n\t\t\t\t\t\t\t\t\t\t\t<a href=\"https:\/\/tinyescape.co\/es\/experiencias\/region-vinicola-de-dao-santar\/\">\n\t\t\t\t\t\t\t<img decoding=\"async\" width=\"554\" height=\"554\" src=\"https:\/\/tinyescape.co\/wp-content\/uploads\/2025\/12\/IMG_3287.jpg\" class=\"attachment-full size-full wp-image-2602\" alt=\"Santar es la ciudad en el medio del D\u00e3o con jardines impresionantes y degustaci\u00f3n de vinos.\" srcset=\"https:\/\/tinyescape.co\/wp-content\/uploads\/2025\/12\/IMG_3287.jpg 554w, https:\/\/tinyescape.co\/wp-content\/uploads\/2025\/12\/IMG_3287-300x300.jpg 300w, https:\/\/tinyescape.co\/wp-content\/uploads\/2025\/12\/IMG_3287-150x150.jpg 150w, https:\/\/tinyescape.co\/wp-content\/uploads\/2025\/12\/IMG_3287-12x12.jpg 12w\" sizes=\"(max-width: 554px) 100vw, 554px\" \/>\t\t\t\t\t\t\t\t<\/a>\n\t\t\t\t\t\t\t\t\t\t\t<figcaption class=\"widget-image-caption wp-caption-text\">Santar <\/figcaption>\n\t\t\t\t\t\t\t\t\t\t<\/figure>\n\t\t\t\t\t\t\t\t\t<\/div>\n\t\t\t\t<div class=\"elementor-element elementor-element-4eed2fe elementor-widget elementor-widget-image\" data-id=\"4eed2fe\" data-element_type=\"widget\" data-e-type=\"widget\" data-widget_type=\"image.default\">\n\t\t\t\t\t\t\t\t\t\t\t\t<figure class=\"wp-caption\">\n\t\t\t\t\t\t\t\t\t\t\t<a href=\"https:\/\/tinyescape.co\/es\/experiencias\/ecopista-do-vouga\/\">\n\t\t\t\t\t\t\t<img decoding=\"async\" width=\"800\" height=\"600\" src=\"https:\/\/tinyescape.co\/wp-content\/uploads\/2026\/01\/Photo-Feb-25-2025-6-16-18-PM-1024x768.jpg\" class=\"attachment-large size-large wp-image-2829\" alt=\"Rutas de senderismo cerca de Tiny Escape en Vouzela, Portugal\" srcset=\"https:\/\/tinyescape.co\/wp-content\/uploads\/2026\/01\/Photo-Feb-25-2025-6-16-18-PM-1024x768.jpg 1024w, https:\/\/tinyescape.co\/wp-content\/uploads\/2026\/01\/Photo-Feb-25-2025-6-16-18-PM-300x225.jpg 300w, https:\/\/tinyescape.co\/wp-content\/uploads\/2026\/01\/Photo-Feb-25-2025-6-16-18-PM-768x576.jpg 768w, https:\/\/tinyescape.co\/wp-content\/uploads\/2026\/01\/Photo-Feb-25-2025-6-16-18-PM-1536x1152.jpg 1536w, https:\/\/tinyescape.co\/wp-content\/uploads\/2026\/01\/Photo-Feb-25-2025-6-16-18-PM-2048x1536.jpg 2048w, https:\/\/tinyescape.co\/wp-content\/uploads\/2026\/01\/Photo-Feb-25-2025-6-16-18-PM-16x12.jpg 16w\" sizes=\"(max-width: 800px) 100vw, 800px\" \/>\t\t\t\t\t\t\t\t<\/a>\n\t\t\t\t\t\t\t\t\t\t\t<figcaption class=\"widget-image-caption wp-caption-text\">Naturaleza y senderos de monta\u00f1a<\/figcaption>\n\t\t\t\t\t\t\t\t\t\t<\/figure>\n\t\t\t\t\t\t\t\t\t<\/div>\n\t\t\t\t\t<\/div>\n\t\t\t\t<\/div>\n\t\t<div class=\"elementor-element elementor-element-723f1e4 e-flex e-con-boxed e-con e-parent\" data-id=\"723f1e4\" data-element_type=\"container\" data-e-type=\"container\">\n\t\t\t\t\t<div class=\"e-con-inner\">\n\t\t\t\t<div class=\"elementor-element elementor-element-a092163 elementor-widget elementor-widget-heading\" data-id=\"a092163\" data-element_type=\"widget\" data-e-type=\"widget\" data-widget_type=\"heading.default\">\n\t\t\t\t\t<h2 class=\"elementor-heading-title elementor-size-default\"><a href=\"https:\/\/tinyescape.co\/es\/vouzela\/\">\u00bfListo para explorar Vouzela?<\/a><\/h2>\t\t\t\t<\/div>\n\t\t\t\t\t<\/div>\n\t\t\t\t<\/div>\n\t\t<div class=\"elementor-element elementor-element-e4f6c53 e-flex e-con-boxed e-con e-parent\" data-id=\"e4f6c53\" data-element_type=\"container\" data-e-type=\"container\">\n\t\t\t\t\t<div class=\"e-con-inner\">\n\t\t\t\t<div class=\"elementor-element elementor-element-f195187 elementor-widget elementor-widget-text-editor\" data-id=\"f195187\" data-element_type=\"widget\" data-e-type=\"widget\" data-widget_type=\"text-editor.default\">\n\t\t\t\t\t\t\t\t\t<p>Reserva tu estancia en Tiny Escape y disfruta de un retiro sostenible en el coraz\u00f3n de la regi\u00f3n vin\u00edcola del centro de Portugal.<\/p>\t\t\t\t\t\t\t\t<\/div>\n\t\t\t\t\t<\/div>\n\t\t\t\t<\/div>\n\t\t<div class=\"elementor-element elementor-element-9af2abd e-flex e-con-boxed e-con e-parent\" data-id=\"9af2abd\" data-element_type=\"container\" data-e-type=\"container\">\n\t\t\t\t\t<div class=\"e-con-inner\">\n\t\t\t\t<div class=\"elementor-element elementor-element-30db89f elementor-widget elementor-widget-button\" data-id=\"30db89f\" data-element_type=\"widget\" data-e-type=\"widget\" data-widget_type=\"button.default\">\n\t\t\t\t\t\t\t\t\t\t<a class=\"elementor-button elementor-button-link elementor-size-sm\" href=\"https:\/\/us2.cloudbeds.com\/reservation\/0r7ww2\">\n\t\t\t\t\t\t<span class=\"elementor-button-content-wrapper\">\n\t\t\t\t\t\t\t\t\t<span class=\"elementor-button-text\">Reserve ahora<\/span>\n\t\t\t\t\t<\/span>\n\t\t\t\t\t<\/a>\n\t\t\t\t\t\t\t\t<\/div>\n\t\t\t\t\t<\/div>\n\t\t\t\t<\/div>\n\t\t\t\t<\/div>","protected":false},"excerpt":{"rendered":"<p>From Porto: 1h 10m (A1 &amp; A25) From Lisbon: 2h 50m (A1) From Viseu: 20m (A25) Sao Pedro do Sul Termas Santar Nature &amp; Hiking trails Ready to Explore vouzela? Book your stay at Tiny Escape and enjoy a sustainable retreat in the heart of the central Portugal wine region. Book Now<\/p>","protected":false},"author":4,"featured_media":0,"parent":0,"menu_order":0,"comment_status":"closed","ping_status":"closed","template":"","meta":{"_acf_changed":false,"footnotes":""},"class_list":["post-3753","page","type-page","status-publish","hentry"],"acf":[],"yoast_head":"<!-- This site is optimized with the Yoast SEO plugin v27.5 - https:\/\/yoast.com\/product\/yoast-seo-wordpress\/ -->\n<title>Visit Vouzela &amp; Viseu | Best Things to Do in Central Portugal<\/title>\n<meta name=\"description\" content=\"Discover the best of Vouzela and Viseu. From the S\u00e3o Pedro do Sul Thermal Baths to mountain trails, plan your perfect escape to Northern Portugal.\" \/>\n<meta name=\"robots\" content=\"index, follow, max-snippet:-1, max-image-preview:large, max-video-preview:-1\" \/>\n<link rel=\"canonical\" href=\"https:\/\/tinyescape.co\/es\/visita-vouzela\/\" \/>\n<meta property=\"og:locale\" content=\"es_ES\" \/>\n<meta property=\"og:type\" content=\"article\" \/>\n<meta property=\"og:title\" content=\"Visit Vouzela &amp; Viseu | Best Things to Do in Central Portugal\" \/>\n<meta property=\"og:description\" content=\"Discover the best of Vouzela and Viseu. From the S\u00e3o Pedro do Sul Thermal Baths to mountain trails, plan your perfect escape to Northern Portugal.\" \/>\n<meta property=\"og:url\" content=\"https:\/\/tinyescape.co\/es\/visita-vouzela\/\" \/>\n<meta property=\"og:site_name\" content=\"Tiny Escape\" \/>\n<meta property=\"article:modified_time\" content=\"2026-04-28T11:55:40+00:00\" \/>\n<meta property=\"og:image\" content=\"https:\/\/tinyescape.co\/wp-content\/uploads\/2026\/03\/Photo-Apr-20-2024-7-57-00-PM-1-scaled.jpg\" \/>\n\t<meta property=\"og:image:width\" content=\"1920\" \/>\n\t<meta property=\"og:image:height\" content=\"2560\" \/>\n\t<meta property=\"og:image:type\" content=\"image\/jpeg\" \/>\n<meta name=\"twitter:card\" content=\"summary_large_image\" \/>\n<meta name=\"twitter:label1\" content=\"Tiempo de lectura\" \/>\n\t<meta name=\"twitter:data1\" content=\"1 minuto\" \/>\n<script type=\"application\/ld+json\" class=\"yoast-schema-graph\">{\"@context\":\"https:\\\/\\\/schema.org\",\"@graph\":[{\"@type\":\"WebPage\",\"@id\":\"https:\\\/\\\/tinyescape.co\\\/visit-vouzela\\\/\",\"url\":\"https:\\\/\\\/tinyescape.co\\\/visit-vouzela\\\/\",\"name\":\"Visit Vouzela & Viseu | Best Things to Do in Central Portugal\",\"isPartOf\":{\"@id\":\"https:\\\/\\\/tinyescape.co\\\/#website\"},\"primaryImageOfPage\":{\"@id\":\"https:\\\/\\\/tinyescape.co\\\/visit-vouzela\\\/#primaryimage\"},\"image\":{\"@id\":\"https:\\\/\\\/tinyescape.co\\\/visit-vouzela\\\/#primaryimage\"},\"thumbnailUrl\":\"https:\\\/\\\/tinyescape.co\\\/wp-content\\\/uploads\\\/2026\\\/03\\\/Photo-Apr-20-2024-7-57-00-PM-1-scaled.jpg\",\"datePublished\":\"2026-04-27T18:17:41+00:00\",\"dateModified\":\"2026-04-28T11:55:40+00:00\",\"description\":\"Discover the best of Vouzela and Viseu. From the S\u00e3o Pedro do Sul Thermal Baths to mountain trails, plan your perfect escape to Northern Portugal.\",\"breadcrumb\":{\"@id\":\"https:\\\/\\\/tinyescape.co\\\/visit-vouzela\\\/#breadcrumb\"},\"inLanguage\":\"es\",\"potentialAction\":[{\"@type\":\"ReadAction\",\"target\":[\"https:\\\/\\\/tinyescape.co\\\/visit-vouzela\\\/\"]}]},{\"@type\":\"ImageObject\",\"inLanguage\":\"es\",\"@id\":\"https:\\\/\\\/tinyescape.co\\\/visit-vouzela\\\/#primaryimage\",\"url\":\"https:\\\/\\\/tinyescape.co\\\/wp-content\\\/uploads\\\/2026\\\/03\\\/Photo-Apr-20-2024-7-57-00-PM-1-scaled.jpg\",\"contentUrl\":\"https:\\\/\\\/tinyescape.co\\\/wp-content\\\/uploads\\\/2026\\\/03\\\/Photo-Apr-20-2024-7-57-00-PM-1-scaled.jpg\"},{\"@type\":\"BreadcrumbList\",\"@id\":\"https:\\\/\\\/tinyescape.co\\\/visit-vouzela\\\/#breadcrumb\",\"itemListElement\":[{\"@type\":\"ListItem\",\"position\":1,\"name\":\"Home\",\"item\":\"https:\\\/\\\/tinyescape.co\\\/\"},{\"@type\":\"ListItem\",\"position\":2,\"name\":\"Visit Vouzela &amp; Viseu: A Local Guide\"}]},{\"@type\":\"WebSite\",\"@id\":\"https:\\\/\\\/tinyescape.co\\\/#website\",\"url\":\"https:\\\/\\\/tinyescape.co\\\/\",\"name\":\"Tiny Escape\",\"description\":\"\",\"publisher\":{\"@id\":\"https:\\\/\\\/tinyescape.co\\\/#organization\"},\"potentialAction\":[{\"@type\":\"SearchAction\",\"target\":{\"@type\":\"EntryPoint\",\"urlTemplate\":\"https:\\\/\\\/tinyescape.co\\\/?s={search_term_string}\"},\"query-input\":{\"@type\":\"PropertyValueSpecification\",\"valueRequired\":true,\"valueName\":\"search_term_string\"}}],\"inLanguage\":\"es\"},{\"@type\":\"Organization\",\"@id\":\"https:\\\/\\\/tinyescape.co\\\/#organization\",\"name\":\"Tiny Escape\",\"url\":\"https:\\\/\\\/tinyescape.co\\\/\",\"logo\":{\"@type\":\"ImageObject\",\"inLanguage\":\"es\",\"@id\":\"https:\\\/\\\/tinyescape.co\\\/#\\\/schema\\\/logo\\\/image\\\/\",\"url\":\"https:\\\/\\\/tinyescape.co\\\/wp-content\\\/uploads\\\/2025\\\/09\\\/cropped-Tiny-Escape.png\",\"contentUrl\":\"https:\\\/\\\/tinyescape.co\\\/wp-content\\\/uploads\\\/2025\\\/09\\\/cropped-Tiny-Escape.png\",\"width\":219,\"height\":219,\"caption\":\"Tiny Escape\"},\"image\":{\"@id\":\"https:\\\/\\\/tinyescape.co\\\/#\\\/schema\\\/logo\\\/image\\\/\"}}]}<\/script>\n<!-- \/ Yoast SEO plugin. -->","yoast_head_json":{"title":"Visita Vouzela y Viseu | Las mejores cosas que hacer en el centro de Portugal","description":"Descubre lo mejor de Vouzela y Viseu. Desde las termas de S\u00e3o Pedro do Sul hasta senderos de monta\u00f1a, planifica tu escapada perfecta al norte de Portugal.","robots":{"index":"index","follow":"follow","max-snippet":"max-snippet:-1","max-image-preview":"max-image-preview:large","max-video-preview":"max-video-preview:-1"},"canonical":"https:\/\/tinyescape.co\/es\/visita-vouzela\/","og_locale":"es_ES","og_type":"article","og_title":"Visit Vouzela & Viseu | Best Things to Do in Central Portugal","og_description":"Discover the best of Vouzela and Viseu. From the S\u00e3o Pedro do Sul Thermal Baths to mountain trails, plan your perfect escape to Northern Portugal.","og_url":"https:\/\/tinyescape.co\/es\/visita-vouzela\/","og_site_name":"Tiny Escape","article_modified_time":"2026-04-28T11:55:40+00:00","og_image":[{"width":1920,"height":2560,"url":"https:\/\/tinyescape.co\/wp-content\/uploads\/2026\/03\/Photo-Apr-20-2024-7-57-00-PM-1-scaled.jpg","type":"image\/jpeg"}],"twitter_card":"summary_large_image","twitter_misc":{"Tiempo de lectura":"1 minuto"},"schema":{"@context":"https:\/\/schema.org","@graph":[{"@type":"WebPage","@id":"https:\/\/tinyescape.co\/visit-vouzela\/","url":"https:\/\/tinyescape.co\/visit-vouzela\/","name":"Visita Vouzela y Viseu | Las mejores cosas que hacer en el centro de Portugal","isPartOf":{"@id":"https:\/\/tinyescape.co\/#website"},"primaryImageOfPage":{"@id":"https:\/\/tinyescape.co\/visit-vouzela\/#primaryimage"},"image":{"@id":"https:\/\/tinyescape.co\/visit-vouzela\/#primaryimage"},"thumbnailUrl":"https:\/\/tinyescape.co\/wp-content\/uploads\/2026\/03\/Photo-Apr-20-2024-7-57-00-PM-1-scaled.jpg","datePublished":"2026-04-27T18:17:41+00:00","dateModified":"2026-04-28T11:55:40+00:00","description":"Descubre lo mejor de Vouzela y Viseu. Desde las termas de S\u00e3o Pedro do Sul hasta senderos de monta\u00f1a, planifica tu escapada perfecta al norte de Portugal.","breadcrumb":{"@id":"https:\/\/tinyescape.co\/visit-vouzela\/#breadcrumb"},"inLanguage":"es","potentialAction":[{"@type":"ReadAction","target":["https:\/\/tinyescape.co\/visit-vouzela\/"]}]},{"@type":"ImageObject","inLanguage":"es","@id":"https:\/\/tinyescape.co\/visit-vouzela\/#primaryimage","url":"https:\/\/tinyescape.co\/wp-content\/uploads\/2026\/03\/Photo-Apr-20-2024-7-57-00-PM-1-scaled.jpg","contentUrl":"https:\/\/tinyescape.co\/wp-content\/uploads\/2026\/03\/Photo-Apr-20-2024-7-57-00-PM-1-scaled.jpg"},{"@type":"BreadcrumbList","@id":"https:\/\/tinyescape.co\/visit-vouzela\/#breadcrumb","itemListElement":[{"@type":"ListItem","position":1,"name":"Home","item":"https:\/\/tinyescape.co\/"},{"@type":"ListItem","position":2,"name":"Visit Vouzela &amp; Viseu: A Local Guide"}]},{"@type":"WebSite","@id":"https:\/\/tinyescape.co\/#website","url":"https:\/\/tinyescape.co\/","name":"Peque\u00f1a escapada","description":"","publisher":{"@id":"https:\/\/tinyescape.co\/#organization"},"potentialAction":[{"@type":"SearchAction","target":{"@type":"EntryPoint","urlTemplate":"https:\/\/tinyescape.co\/?s={search_term_string}"},"query-input":{"@type":"PropertyValueSpecification","valueRequired":true,"valueName":"search_term_string"}}],"inLanguage":"es"},{"@type":"Organization","@id":"https:\/\/tinyescape.co\/#organization","name":"Peque\u00f1a escapada","url":"https:\/\/tinyescape.co\/","logo":{"@type":"ImageObject","inLanguage":"es","@id":"https:\/\/tinyescape.co\/#\/schema\/logo\/image\/","url":"https:\/\/tinyescape.co\/wp-content\/uploads\/2025\/09\/cropped-Tiny-Escape.png","contentUrl":"https:\/\/tinyescape.co\/wp-content\/uploads\/2025\/09\/cropped-Tiny-Escape.png","width":219,"height":219,"caption":"Tiny Escape"},"image":{"@id":"https:\/\/tinyescape.co\/#\/schema\/logo\/image\/"}}]}},"_links":{"self":[{"href":"https:\/\/tinyescape.co\/es\/wp-json\/wp\/v2\/pages\/3753","targetHints":{"allow":["GET"]}}],"collection":[{"href":"https:\/\/tinyescape.co\/es\/wp-json\/wp\/v2\/pages"}],"about":[{"href":"https:\/\/tinyescape.co\/es\/wp-json\/wp\/v2\/types\/page"}],"author":[{"embeddable":true,"href":"https:\/\/tinyescape.co\/es\/wp-json\/wp\/v2\/users\/4"}],"replies":[{"embeddable":true,"href":"https:\/\/tinyescape.co\/es\/wp-json\/wp\/v2\/comments?post=3753"}],"version-history":[{"count":13,"href":"https:\/\/tinyescape.co\/es\/wp-json\/wp\/v2\/pages\/3753\/revisions"}],"predecessor-version":[{"id":3789,"href":"https:\/\/tinyescape.co\/es\/wp-json\/wp\/v2\/pages\/3753\/revisions\/3789"}],"wp:attachment":[{"href":"https:\/\/tinyescape.co\/es\/wp-json\/wp\/v2\/media?parent=3753"}],"curies":[{"name":"wp","href":"https:\/\/api.w.org\/{rel}","templated":true}]}}