{"id":1374,"date":"2025-10-16T13:59:37","date_gmt":"2025-10-16T13:59:37","guid":{"rendered":"https:\/\/tinyescape.co\/?page_id=1374"},"modified":"2026-04-03T09:54:56","modified_gmt":"2026-04-03T09:54:56","slug":"planificateur-devasion-planifiez-votre-experience","status":"publish","type":"page","link":"https:\/\/tinyescape.co\/fr\/escape-planner-plan-your-experience\/","title":{"rendered":"Planificateur d'\u00e9vasion"},"content":{"rendered":"<div data-elementor-type=\"wp-page\" data-elementor-id=\"1374\" class=\"elementor elementor-1374\" data-elementor-post-type=\"page\">\n\t\t\t\t<div class=\"elementor-element elementor-element-475e9fbe e-flex e-con-boxed e-con e-parent\" data-id=\"475e9fbe\" data-element_type=\"container\" data-e-type=\"container\" data-settings=\"{&quot;background_background&quot;:&quot;classic&quot;}\">\n\t\t\t\t\t<div class=\"e-con-inner\">\n\t\t<div class=\"elementor-element elementor-element-d6292e9 e-con-full e-flex e-con e-child\" data-id=\"d6292e9\" data-element_type=\"container\" data-e-type=\"container\">\n\t\t\t\t<div class=\"elementor-element elementor-element-bb58177 elementor-widget elementor-widget-heading\" data-id=\"bb58177\" data-element_type=\"widget\" data-e-type=\"widget\" data-widget_type=\"heading.default\">\n\t\t\t\t\t<h1 class=\"elementor-heading-title elementor-size-default\">Votre portail personnalis\u00e9\nPortail du Portugal<\/h1>\t\t\t\t<\/div>\n\t\t\t\t<div class=\"elementor-element elementor-element-4f26d5c elementor-widget elementor-widget-text-editor\" data-id=\"4f26d5c\" data-element_type=\"widget\" data-e-type=\"widget\" data-widget_type=\"text-editor.default\">\n\t\t\t\t\t\t\t\t\t<p>Escape Planner est votre concierge num\u00e9rique - une fa\u00e7on simple et intelligente de planifier votre s\u00e9jour \u00e0 Tiny Escape. Que vous r\u00eaviez de cascades et de vin, d'une semaine tranquille avec des livres et des feux de camp, ou d'aventures en pleine nature, notre planificateur vous aide \u00e0 cr\u00e9er l'exp\u00e9rience parfaite pour vous, avant m\u00eame que vous n'arriviez.<\/p>\t\t\t\t\t\t\t\t<\/div>\n\t\t\t\t<div class=\"elementor-element elementor-element-68a6dd8 elementor-tablet-align-center elementor-widget elementor-widget-button\" data-id=\"68a6dd8\" data-element_type=\"widget\" data-e-type=\"widget\" data-widget_type=\"button.default\">\n\t\t\t\t\t\t\t\t\t\t<a class=\"elementor-button elementor-button-link elementor-size-sm\" href=\"https:\/\/planner.tinyescape.co\/\" target=\"_blank\">\n\t\t\t\t\t\t<span class=\"elementor-button-content-wrapper\">\n\t\t\t\t\t\t\t\t\t<span class=\"elementor-button-text\">Essayez le planificateur d'\u00e9vasion<\/span>\n\t\t\t\t\t<\/span>\n\t\t\t\t\t<\/a>\n\t\t\t\t\t\t\t\t<\/div>\n\t\t\t\t<div class=\"elementor-element elementor-element-8a25880 elementor-widget-divider--view-line elementor-widget elementor-widget-divider\" data-id=\"8a25880\" data-element_type=\"widget\" data-e-type=\"widget\" data-widget_type=\"divider.default\">\n\t\t\t\t\t\t\t<div class=\"elementor-divider\">\n\t\t\t<span class=\"elementor-divider-separator\">\n\t\t\t\t\t\t<\/span>\n\t\t<\/div>\n\t\t\t\t\t\t<\/div>\n\t\t\t\t<div class=\"elementor-element elementor-element-322868e elementor-widget elementor-widget-heading\" data-id=\"322868e\" data-element_type=\"widget\" data-e-type=\"widget\" data-widget_type=\"heading.default\">\n\t\t\t\t\t<h3 class=\"elementor-heading-title elementor-size-default\">Qu'est-ce que c'est ?<\/h3>\t\t\t\t<\/div>\n\t\t\t\t<div class=\"elementor-element elementor-element-4566418 elementor-widget elementor-widget-text-editor\" data-id=\"4566418\" data-element_type=\"widget\" data-e-type=\"widget\" data-widget_type=\"text-editor.default\">\n\t\t\t\t\t\t\t\t\t<p>Un outil de planification de voyage qui vous aide \u00e0 concevoir l'escapade parfaite en fonction de votre humeur, de votre style et de vos objectifs.<\/p>\t\t\t\t\t\t\t\t<\/div>\n\t\t\t\t<\/div>\n\t\t<div class=\"elementor-element elementor-element-9edd672 e-con-full e-flex e-con e-child\" data-id=\"9edd672\" data-element_type=\"container\" data-e-type=\"container\" data-settings=\"{&quot;background_background&quot;:&quot;classic&quot;}\">\n\t\t\t\t<div class=\"elementor-element elementor-element-ee6ef7a elementor-widget-tablet__width-initial elementor-widget elementor-widget-heading\" data-id=\"ee6ef7a\" data-element_type=\"widget\" data-e-type=\"widget\" data-widget_type=\"heading.default\">\n\t\t\t\t\t<h2 class=\"elementor-heading-title elementor-size-default\">Il ne s'agit pas d'un simple formulaire de r\u00e9servation. <span style=\"color: #000\">Il s'agit d'une conversation.<\/span><\/h2>\t\t\t\t<\/div>\n\t\t\t\t<\/div>\n\t\t\t\t<div class=\"elementor-element elementor-element-5f7e931 elementor-widget__width-initial elementor-absolute custom-absolute elementor-hidden-tablet elementor-hidden-mobile elementor-widget elementor-widget-image\" data-id=\"5f7e931\" data-element_type=\"widget\" data-e-type=\"widget\" data-settings=\"{&quot;_position&quot;:&quot;absolute&quot;}\" data-widget_type=\"image.default\">\n\t\t\t\t\t\t\t\t\t\t\t\t\t\t\t<img fetchpriority=\"high\" decoding=\"async\" width=\"757\" height=\"651\" src=\"https:\/\/tinyescape.co\/wp-content\/uploads\/2025\/10\/Rectangle-10-1.png\" class=\"attachment-full size-full wp-image-1377\" alt=\"Rectangle 10 1\" srcset=\"https:\/\/tinyescape.co\/wp-content\/uploads\/2025\/10\/Rectangle-10-1.png 757w, https:\/\/tinyescape.co\/wp-content\/uploads\/2025\/10\/Rectangle-10-1-300x258.png 300w\" sizes=\"(max-width: 757px) 100vw, 757px\" \/>\t\t\t\t\t\t\t\t\t\t\t\t\t\t\t<\/div>\n\t\t\t\t\t<\/div>\n\t\t\t\t<\/div>\n\t\t<div class=\"elementor-element elementor-element-3adafd13 e-flex e-con-boxed e-con e-parent\" data-id=\"3adafd13\" data-element_type=\"container\" data-e-type=\"container\">\n\t\t\t\t\t<div class=\"e-con-inner\">\n\t\t\t\t<div class=\"elementor-element elementor-element-ff122b1 elementor-widget elementor-widget-heading\" data-id=\"ff122b1\" data-element_type=\"widget\" data-e-type=\"widget\" data-widget_type=\"heading.default\">\n\t\t\t\t\t<h2 class=\"elementor-heading-title elementor-size-default\">Comment \u00e7a marche\n<\/h2>\t\t\t\t<\/div>\n\t\t<div class=\"elementor-element elementor-element-c50ce57 e-con-full e-grid e-con e-child\" data-id=\"c50ce57\" data-element_type=\"container\" data-e-type=\"container\">\n\t\t<div class=\"elementor-element elementor-element-5a3eccd e-con-full e-flex e-con e-child\" data-id=\"5a3eccd\" data-element_type=\"container\" data-e-type=\"container\" data-settings=\"{&quot;background_background&quot;:&quot;classic&quot;}\">\n\t\t\t\t<div class=\"elementor-element elementor-element-083f6e1 elementor-widget elementor-widget-heading\" data-id=\"083f6e1\" data-element_type=\"widget\" data-e-type=\"widget\" data-widget_type=\"heading.default\">\n\t\t\t\t\t<h3 class=\"elementor-heading-title elementor-size-default\">1. Dites-nous ce que vous aimez<\/h3>\t\t\t\t<\/div>\n\t\t\t\t<div class=\"elementor-element elementor-element-395a608 elementor-widget elementor-widget-text-editor\" data-id=\"395a608\" data-element_type=\"widget\" data-e-type=\"widget\" data-widget_type=\"text-editor.default\">\n\t\t\t\t\t\t\t\t\t<p>Une courte s\u00e9rie de questions faciles et amusantes vous guide vers le meilleur de ce que nous offrons, en fonction de vos int\u00e9r\u00eats, de votre style de voyage, de votre rythme et de votre personnalit\u00e9.<\/p>\t\t\t\t\t\t\t\t<\/div>\n\t\t\t\t<\/div>\n\t\t\t\t<div class=\"elementor-element elementor-element-9d42deb elementor-widget elementor-widget-image\" data-id=\"9d42deb\" data-element_type=\"widget\" data-e-type=\"widget\" data-widget_type=\"image.default\">\n\t\t\t\t\t\t\t\t\t\t\t\t\t\t\t<img decoding=\"async\" width=\"505\" height=\"335\" src=\"https:\/\/tinyescape.co\/wp-content\/uploads\/2025\/10\/Rectangle-12-1.png\" class=\"attachment-full size-full wp-image-1402\" alt=\"Rectangle 12 1\" srcset=\"https:\/\/tinyescape.co\/wp-content\/uploads\/2025\/10\/Rectangle-12-1.png 505w, https:\/\/tinyescape.co\/wp-content\/uploads\/2025\/10\/Rectangle-12-1-300x199.png 300w\" sizes=\"(max-width: 505px) 100vw, 505px\" \/>\t\t\t\t\t\t\t\t\t\t\t\t\t\t\t<\/div>\n\t\t\t\t<\/div>\n\t\t<div class=\"elementor-element elementor-element-1a58688 e-con-full e-flex e-con e-child\" data-id=\"1a58688\" data-element_type=\"container\" data-e-type=\"container\" data-settings=\"{&quot;background_background&quot;:&quot;classic&quot;}\">\n\t\t<div class=\"elementor-element elementor-element-69ea972 e-con-full e-flex e-con e-child\" data-id=\"69ea972\" data-element_type=\"container\" data-e-type=\"container\">\n\t\t\t\t<div class=\"elementor-element elementor-element-b06bb70 elementor-widget elementor-widget-heading\" data-id=\"b06bb70\" data-element_type=\"widget\" data-e-type=\"widget\" data-widget_type=\"heading.default\">\n\t\t\t\t\t<h3 class=\"elementor-heading-title elementor-size-default\">2. Obtenez votre itin\u00e9raire personnalis\u00e9<\/h3>\t\t\t\t<\/div>\n\t\t\t\t<div class=\"elementor-element elementor-element-a7dc965 elementor-widget elementor-widget-heading\" data-id=\"a7dc965\" data-element_type=\"widget\" data-e-type=\"widget\" data-widget_type=\"heading.default\">\n\t\t\t\t\t<p class=\"elementor-heading-title elementor-size-default\">Le planificateur propose :\n<\/p>\t\t\t\t<\/div>\n\t\t\t\t<div class=\"elementor-element elementor-element-42fe83d elementor-widget elementor-widget-heading\" data-id=\"42fe83d\" data-element_type=\"widget\" data-e-type=\"widget\" data-widget_type=\"heading.default\">\n\t\t\t\t\t<p class=\"elementor-heading-title elementor-size-default\">*Dur\u00e9e id\u00e9ale du s\u00e9jour<br>\n*Rythme journalier (matin\u00e9es lentes ? apr\u00e8s-midis charg\u00e9s ?)<br>\n*Excursions, exp\u00e9riences sur place et options de d\u00e9tente<br>\n*Les petites maisons \u00e0 th\u00e8me qui correspondent le mieux \u00e0 votre style de vie<\/p>\t\t\t\t<\/div>\n\t\t\t\t<\/div>\n\t\t\t\t<\/div>\n\t\t<div class=\"elementor-element elementor-element-10743d7 e-con-full e-grid e-con e-child\" data-id=\"10743d7\" data-element_type=\"container\" data-e-type=\"container\">\n\t\t<div class=\"elementor-element elementor-element-f97c283 e-con-full e-flex e-con e-child\" data-id=\"f97c283\" data-element_type=\"container\" data-e-type=\"container\" data-settings=\"{&quot;background_background&quot;:&quot;classic&quot;}\">\n\t\t<div class=\"elementor-element elementor-element-a2c6511 e-flex e-con-boxed e-con e-child\" data-id=\"a2c6511\" data-element_type=\"container\" data-e-type=\"container\">\n\t\t\t\t\t<div class=\"e-con-inner\">\n\t\t\t\t<div class=\"elementor-element elementor-element-1d52be8 elementor-widget elementor-widget-heading\" data-id=\"1d52be8\" data-element_type=\"widget\" data-e-type=\"widget\" data-widget_type=\"heading.default\">\n\t\t\t\t\t<h3 class=\"elementor-heading-title elementor-size-default\">3. R\u00e9server en toute confiance<\/h3>\t\t\t\t<\/div>\n\t\t\t\t<div class=\"elementor-element elementor-element-552e75d elementor-widget elementor-widget-heading\" data-id=\"552e75d\" data-element_type=\"widget\" data-e-type=\"widget\" data-widget_type=\"heading.default\">\n\t\t\t\t\t<p class=\"elementor-heading-title elementor-size-default\">Nous vous donnons des recommandations sur la dur\u00e9e du s\u00e9jour et le planificateur d'escapades vous renvoie \u00e0 notre site web qui garantit toujours le prix le plus bas.<\/p>\t\t\t\t<\/div>\n\t\t\t\t\t<\/div>\n\t\t\t\t<\/div>\n\t\t\t\t<\/div>\n\t\t<div class=\"elementor-element elementor-element-05b4c4a e-con-full e-flex e-con e-child\" data-id=\"05b4c4a\" data-element_type=\"container\" data-e-type=\"container\" data-settings=\"{&quot;background_background&quot;:&quot;classic&quot;}\">\n\t\t\t\t<div class=\"elementor-element elementor-element-abb34f7 elementor-widget elementor-widget-heading\" data-id=\"abb34f7\" data-element_type=\"widget\" data-e-type=\"widget\" data-widget_type=\"heading.default\">\n\t\t\t\t\t<h3 class=\"elementor-heading-title elementor-size-default\">4. Des touches personnalis\u00e9es\n<\/h3>\t\t\t\t<\/div>\n\t\t\t\t<div class=\"elementor-element elementor-element-20e2bd1 elementor-widget elementor-widget-text-editor\" data-id=\"20e2bd1\" data-element_type=\"widget\" data-e-type=\"widget\" data-widget_type=\"text-editor.default\">\n\t\t\t\t\t\t\t\t\t<p>\u00c0 votre arriv\u00e9e, notre \u00e9quipe saura d\u00e9j\u00e0 ce que vous aimez, qu'il s'agisse d'un cours de yoga, de votre vin pr\u00e9f\u00e9r\u00e9 ou de cartes de sentiers pour vos randonn\u00e9es.<\/p>\t\t\t\t\t\t\t\t<\/div>\n\t\t\t\t<\/div>\n\t\t\t\t<\/div>\n\t\t\t\t\t<\/div>\n\t\t\t\t<\/div>\n\t\t<div class=\"elementor-element elementor-element-39f385b8 e-flex e-con-boxed e-con e-parent\" data-id=\"39f385b8\" data-element_type=\"container\" data-e-type=\"container\" data-settings=\"{&quot;background_background&quot;:&quot;classic&quot;}\">\n\t\t\t\t\t<div class=\"e-con-inner\">\n\t\t\t\t<div class=\"elementor-element elementor-element-c74de7d elementor-widget elementor-widget-heading\" data-id=\"c74de7d\" data-element_type=\"widget\" data-e-type=\"widget\" data-widget_type=\"heading.default\">\n\t\t\t\t\t<h2 class=\"elementor-heading-title elementor-size-default\">Pourquoi c'est sp\u00e9cial<\/h2>\t\t\t\t<\/div>\n\t\t\t\t<div class=\"elementor-element elementor-element-2264e06 elementor-widget elementor-widget-text-editor\" data-id=\"2264e06\" data-element_type=\"widget\" data-e-type=\"widget\" data-widget_type=\"text-editor.default\">\n\t\t\t\t\t\t\t\t\t<p>Con\u00e7u pour augmenter votre plaisir, pas votre temps d'\u00e9cran.<br \/>Disponible en anglais et en portugais.<\/p>\t\t\t\t\t\t\t\t<\/div>\n\t\t\t\t<div class=\"elementor-element elementor-element-d91ef78 elementor-tablet-align-center elementor-align-center elementor-widget elementor-widget-button\" data-id=\"d91ef78\" data-element_type=\"widget\" data-e-type=\"widget\" data-widget_type=\"button.default\">\n\t\t\t\t\t\t\t\t\t\t<a class=\"elementor-button elementor-button-link elementor-size-sm\" href=\"https:\/\/planner.tinyescape.co\/\">\n\t\t\t\t\t\t<span class=\"elementor-button-content-wrapper\">\n\t\t\t\t\t\t\t\t\t<span class=\"elementor-button-text\">Essayez le planificateur d'\u00e9vasion<\/span>\n\t\t\t\t\t<\/span>\n\t\t\t\t\t<\/a>\n\t\t\t\t\t\t\t\t<\/div>\n\t\t\t\t<div class=\"elementor-element elementor-element-6e3519b elementor-widget elementor-widget-image\" data-id=\"6e3519b\" data-element_type=\"widget\" data-e-type=\"widget\" data-widget_type=\"image.default\">\n\t\t\t\t\t\t\t\t\t\t\t\t\t\t\t<img decoding=\"async\" width=\"800\" height=\"210\" src=\"https:\/\/tinyescape.co\/wp-content\/uploads\/2025\/10\/Frame-452-1.svg\" class=\"attachment-large size-large wp-image-1429\" alt=\"Cadre 452 1\" \/>\t\t\t\t\t\t\t\t\t\t\t\t\t\t\t<\/div>\n\t\t\t\t\t<\/div>\n\t\t\t\t<\/div>\n\t\t\t\t<\/div>","protected":false},"excerpt":{"rendered":"<p>Your Personalized Portal to Portugal Escape Planner is your digital concierge a smart, simple way to plan your stay at Tiny Escape. Whether you&#8217;re dreaming of waterfalls and wine, a slow week with books and bonfires, or action-packed adventures in nature, our planner helps tailor the perfect experience for you\u2014before you even arrive. Try the [&hellip;]<\/p>\n","protected":false},"author":1,"featured_media":0,"parent":0,"menu_order":0,"comment_status":"closed","ping_status":"closed","template":"elementor_header_footer","meta":{"_acf_changed":false,"footnotes":""},"class_list":["post-1374","page","type-page","status-publish","hentry"],"acf":[],"yoast_head":"<!-- This site is optimized with the Yoast SEO plugin v27.3 - https:\/\/yoast.com\/product\/yoast-seo-wordpress\/ -->\n<title>Escape Planner - Tiny Escape<\/title>\n<meta name=\"description\" content=\"Get ready for Escape Planner: Your portal to tailor every detail of your Tiny Escape experience in Portugal. Coming soon!\" \/>\n<meta name=\"robots\" content=\"index, follow, max-snippet:-1, max-image-preview:large, max-video-preview:-1\" \/>\n<link rel=\"canonical\" href=\"https:\/\/tinyescape.co\/fr\/planificateur-devasion-planifiez-votre-experience\/\" \/>\n<meta property=\"og:locale\" content=\"fr_FR\" \/>\n<meta property=\"og:type\" content=\"article\" \/>\n<meta property=\"og:title\" content=\"Escape Planner - Tiny Escape\" \/>\n<meta property=\"og:description\" content=\"Get ready for Escape Planner: Your portal to tailor every detail of your Tiny Escape experience in Portugal. Coming soon!\" \/>\n<meta property=\"og:url\" content=\"https:\/\/tinyescape.co\/fr\/planificateur-devasion-planifiez-votre-experience\/\" \/>\n<meta property=\"og:site_name\" content=\"Tiny Escape\" \/>\n<meta property=\"article:modified_time\" content=\"2026-04-03T09:54:56+00:00\" \/>\n<meta property=\"og:image\" content=\"https:\/\/tinyescape.co\/wp-content\/uploads\/2025\/10\/Rectangle-10-1.png\" \/>\n\t<meta property=\"og:image:width\" content=\"757\" \/>\n\t<meta property=\"og:image:height\" content=\"651\" \/>\n\t<meta property=\"og:image:type\" content=\"image\/png\" \/>\n<meta name=\"twitter:card\" content=\"summary_large_image\" \/>\n<meta name=\"twitter:label1\" content=\"Dur\u00e9e de lecture estim\u00e9e\" \/>\n\t<meta name=\"twitter:data1\" content=\"1 minute\" \/>\n<script type=\"application\/ld+json\" class=\"yoast-schema-graph\">{\"@context\":\"https:\\\/\\\/schema.org\",\"@graph\":[{\"@type\":\"WebPage\",\"@id\":\"https:\\\/\\\/tinyescape.co\\\/escape-planner-plan-your-experience\\\/\",\"url\":\"https:\\\/\\\/tinyescape.co\\\/escape-planner-plan-your-experience\\\/\",\"name\":\"Escape Planner - Tiny Escape\",\"isPartOf\":{\"@id\":\"https:\\\/\\\/tinyescape.co\\\/#website\"},\"primaryImageOfPage\":{\"@id\":\"https:\\\/\\\/tinyescape.co\\\/escape-planner-plan-your-experience\\\/#primaryimage\"},\"image\":{\"@id\":\"https:\\\/\\\/tinyescape.co\\\/escape-planner-plan-your-experience\\\/#primaryimage\"},\"thumbnailUrl\":\"https:\\\/\\\/tinyescape.co\\\/wp-content\\\/uploads\\\/2025\\\/10\\\/Rectangle-10-1.png\",\"datePublished\":\"2025-10-16T13:59:37+00:00\",\"dateModified\":\"2026-04-03T09:54:56+00:00\",\"description\":\"Get ready for Escape Planner: Your portal to tailor every detail of your Tiny Escape experience in Portugal. Coming soon!\",\"breadcrumb\":{\"@id\":\"https:\\\/\\\/tinyescape.co\\\/escape-planner-plan-your-experience\\\/#breadcrumb\"},\"inLanguage\":\"fr-FR\",\"potentialAction\":[{\"@type\":\"ReadAction\",\"target\":[\"https:\\\/\\\/tinyescape.co\\\/escape-planner-plan-your-experience\\\/\"]}]},{\"@type\":\"ImageObject\",\"inLanguage\":\"fr-FR\",\"@id\":\"https:\\\/\\\/tinyescape.co\\\/escape-planner-plan-your-experience\\\/#primaryimage\",\"url\":\"https:\\\/\\\/tinyescape.co\\\/wp-content\\\/uploads\\\/2025\\\/10\\\/Rectangle-10-1.png\",\"contentUrl\":\"https:\\\/\\\/tinyescape.co\\\/wp-content\\\/uploads\\\/2025\\\/10\\\/Rectangle-10-1.png\"},{\"@type\":\"BreadcrumbList\",\"@id\":\"https:\\\/\\\/tinyescape.co\\\/escape-planner-plan-your-experience\\\/#breadcrumb\",\"itemListElement\":[{\"@type\":\"ListItem\",\"position\":1,\"name\":\"Home\",\"item\":\"https:\\\/\\\/tinyescape.co\\\/\"},{\"@type\":\"ListItem\",\"position\":2,\"name\":\"Escape Planner\"}]},{\"@type\":\"WebSite\",\"@id\":\"https:\\\/\\\/tinyescape.co\\\/#website\",\"url\":\"https:\\\/\\\/tinyescape.co\\\/\",\"name\":\"Tiny Escape\",\"description\":\"\",\"publisher\":{\"@id\":\"https:\\\/\\\/tinyescape.co\\\/#organization\"},\"potentialAction\":[{\"@type\":\"SearchAction\",\"target\":{\"@type\":\"EntryPoint\",\"urlTemplate\":\"https:\\\/\\\/tinyescape.co\\\/?s={search_term_string}\"},\"query-input\":{\"@type\":\"PropertyValueSpecification\",\"valueRequired\":true,\"valueName\":\"search_term_string\"}}],\"inLanguage\":\"fr-FR\"},{\"@type\":\"Organization\",\"@id\":\"https:\\\/\\\/tinyescape.co\\\/#organization\",\"name\":\"Tiny Escape\",\"url\":\"https:\\\/\\\/tinyescape.co\\\/\",\"logo\":{\"@type\":\"ImageObject\",\"inLanguage\":\"fr-FR\",\"@id\":\"https:\\\/\\\/tinyescape.co\\\/#\\\/schema\\\/logo\\\/image\\\/\",\"url\":\"https:\\\/\\\/tinyescape.co\\\/wp-content\\\/uploads\\\/2025\\\/09\\\/cropped-Tiny-Escape.png\",\"contentUrl\":\"https:\\\/\\\/tinyescape.co\\\/wp-content\\\/uploads\\\/2025\\\/09\\\/cropped-Tiny-Escape.png\",\"width\":219,\"height\":219,\"caption\":\"Tiny Escape\"},\"image\":{\"@id\":\"https:\\\/\\\/tinyescape.co\\\/#\\\/schema\\\/logo\\\/image\\\/\"}}]}<\/script>\n<!-- \/ Yoast SEO plugin. -->","yoast_head_json":{"title":"Planificateur d'\u00e9vasion - Tiny Escape","description":"Pr\u00e9parez-vous \u00e0 l'Escape Planner : Votre portail pour personnaliser chaque d\u00e9tail de votre exp\u00e9rience Tiny Escape au Portugal. Bient\u00f4t disponible !","robots":{"index":"index","follow":"follow","max-snippet":"max-snippet:-1","max-image-preview":"max-image-preview:large","max-video-preview":"max-video-preview:-1"},"canonical":"https:\/\/tinyescape.co\/fr\/planificateur-devasion-planifiez-votre-experience\/","og_locale":"fr_FR","og_type":"article","og_title":"Escape Planner - Tiny Escape","og_description":"Get ready for Escape Planner: Your portal to tailor every detail of your Tiny Escape experience in Portugal. Coming soon!","og_url":"https:\/\/tinyescape.co\/fr\/planificateur-devasion-planifiez-votre-experience\/","og_site_name":"Tiny Escape","article_modified_time":"2026-04-03T09:54:56+00:00","og_image":[{"width":757,"height":651,"url":"https:\/\/tinyescape.co\/wp-content\/uploads\/2025\/10\/Rectangle-10-1.png","type":"image\/png"}],"twitter_card":"summary_large_image","twitter_misc":{"Dur\u00e9e de lecture estim\u00e9e":"1 minute"},"schema":{"@context":"https:\/\/schema.org","@graph":[{"@type":"WebPage","@id":"https:\/\/tinyescape.co\/escape-planner-plan-your-experience\/","url":"https:\/\/tinyescape.co\/escape-planner-plan-your-experience\/","name":"Planificateur d'\u00e9vasion - Tiny Escape","isPartOf":{"@id":"https:\/\/tinyescape.co\/#website"},"primaryImageOfPage":{"@id":"https:\/\/tinyescape.co\/escape-planner-plan-your-experience\/#primaryimage"},"image":{"@id":"https:\/\/tinyescape.co\/escape-planner-plan-your-experience\/#primaryimage"},"thumbnailUrl":"https:\/\/tinyescape.co\/wp-content\/uploads\/2025\/10\/Rectangle-10-1.png","datePublished":"2025-10-16T13:59:37+00:00","dateModified":"2026-04-03T09:54:56+00:00","description":"Pr\u00e9parez-vous \u00e0 l'Escape Planner : Votre portail pour personnaliser chaque d\u00e9tail de votre exp\u00e9rience Tiny Escape au Portugal. Bient\u00f4t disponible !","breadcrumb":{"@id":"https:\/\/tinyescape.co\/escape-planner-plan-your-experience\/#breadcrumb"},"inLanguage":"fr-FR","potentialAction":[{"@type":"ReadAction","target":["https:\/\/tinyescape.co\/escape-planner-plan-your-experience\/"]}]},{"@type":"ImageObject","inLanguage":"fr-FR","@id":"https:\/\/tinyescape.co\/escape-planner-plan-your-experience\/#primaryimage","url":"https:\/\/tinyescape.co\/wp-content\/uploads\/2025\/10\/Rectangle-10-1.png","contentUrl":"https:\/\/tinyescape.co\/wp-content\/uploads\/2025\/10\/Rectangle-10-1.png"},{"@type":"BreadcrumbList","@id":"https:\/\/tinyescape.co\/escape-planner-plan-your-experience\/#breadcrumb","itemListElement":[{"@type":"ListItem","position":1,"name":"Home","item":"https:\/\/tinyescape.co\/"},{"@type":"ListItem","position":2,"name":"Escape Planner"}]},{"@type":"WebSite","@id":"https:\/\/tinyescape.co\/#website","url":"https:\/\/tinyescape.co\/","name":"Petite \u00e9vasion","description":"","publisher":{"@id":"https:\/\/tinyescape.co\/#organization"},"potentialAction":[{"@type":"SearchAction","target":{"@type":"EntryPoint","urlTemplate":"https:\/\/tinyescape.co\/?s={search_term_string}"},"query-input":{"@type":"PropertyValueSpecification","valueRequired":true,"valueName":"search_term_string"}}],"inLanguage":"fr-FR"},{"@type":"Organization","@id":"https:\/\/tinyescape.co\/#organization","name":"Petite \u00e9vasion","url":"https:\/\/tinyescape.co\/","logo":{"@type":"ImageObject","inLanguage":"fr-FR","@id":"https:\/\/tinyescape.co\/#\/schema\/logo\/image\/","url":"https:\/\/tinyescape.co\/wp-content\/uploads\/2025\/09\/cropped-Tiny-Escape.png","contentUrl":"https:\/\/tinyescape.co\/wp-content\/uploads\/2025\/09\/cropped-Tiny-Escape.png","width":219,"height":219,"caption":"Tiny Escape"},"image":{"@id":"https:\/\/tinyescape.co\/#\/schema\/logo\/image\/"}}]}},"_links":{"self":[{"href":"https:\/\/tinyescape.co\/fr\/wp-json\/wp\/v2\/pages\/1374","targetHints":{"allow":["GET"]}}],"collection":[{"href":"https:\/\/tinyescape.co\/fr\/wp-json\/wp\/v2\/pages"}],"about":[{"href":"https:\/\/tinyescape.co\/fr\/wp-json\/wp\/v2\/types\/page"}],"author":[{"embeddable":true,"href":"https:\/\/tinyescape.co\/fr\/wp-json\/wp\/v2\/users\/1"}],"replies":[{"embeddable":true,"href":"https:\/\/tinyescape.co\/fr\/wp-json\/wp\/v2\/comments?post=1374"}],"version-history":[{"count":65,"href":"https:\/\/tinyescape.co\/fr\/wp-json\/wp\/v2\/pages\/1374\/revisions"}],"predecessor-version":[{"id":3482,"href":"https:\/\/tinyescape.co\/fr\/wp-json\/wp\/v2\/pages\/1374\/revisions\/3482"}],"wp:attachment":[{"href":"https:\/\/tinyescape.co\/fr\/wp-json\/wp\/v2\/media?parent=1374"}],"curies":[{"name":"wp","href":"https:\/\/api.w.org\/{rel}","templated":true}]}}