{"id":2329,"date":"2025-11-16T06:27:14","date_gmt":"2025-11-16T06:27:14","guid":{"rendered":"https:\/\/tinyescape.co\/?page_id=2329"},"modified":"2025-11-16T06:33:36","modified_gmt":"2025-11-16T06:33:36","slug":"divulgation-legale","status":"publish","type":"page","link":"https:\/\/tinyescape.co\/fr\/legal-disclosure\/","title":{"rendered":"Impression"},"content":{"rendered":"<h2><strong>1. Informations sur les contacts<\/strong><\/h2>\n<p>&nbsp;<\/p>\n<p>Repr\u00e9sent\u00e9 par : Wes English<\/p>\n<h2 data-start=\"196\" data-end=\"224\"><strong data-start=\"199\" data-end=\"224\">Responsabilit\u00e9 du contenu<\/strong><\/h2>\n<p data-start=\"226\" data-end=\"553\">En tant que prestataire de services, nous sommes responsables du contenu de ces pages, conform\u00e9ment \u00e0 l'article 7, paragraphe 1, du TMG et \u00e0 la l\u00e9gislation g\u00e9n\u00e9rale. Nous nous effor\u00e7ons de maintenir tous les contenus \u00e0 jour, complets et corrects. Toutefois, nous ne pouvons assumer la responsabilit\u00e9 ou la garantie de l'actualit\u00e9, de l'exhaustivit\u00e9 ou de l'exactitude du contenu fourni.<\/p>\n<p data-start=\"555\" data-end=\"1043\">Conform\u00e9ment aux articles 8 \u00e0 10 de la TMG, nous ne sommes pas tenus, en tant que prestataire de services, de surveiller les informations transmises ou stock\u00e9es par des tiers ou d'enqu\u00eater sur des circonstances indiquant une activit\u00e9 ill\u00e9gale. Les obligations de supprimer ou de bloquer l'utilisation d'informations en vertu de la l\u00e9gislation g\u00e9n\u00e9rale restent inchang\u00e9es. Toutefois, la responsabilit\u00e9 \u00e0 cet \u00e9gard n'est possible qu'\u00e0 partir du moment o\u00f9 nous avons connaissance d'une violation sp\u00e9cifique de la loi. Si de telles violations sont connues, nous supprimerons imm\u00e9diatement le contenu concern\u00e9.<\/p>\n<h2 data-start=\"1045\" data-end=\"1071\"><strong data-start=\"1048\" data-end=\"1071\">Responsabilit\u00e9 des liens<\/strong><\/h2>\n<p data-start=\"1073\" data-end=\"1350\">Notre site web contient des liens vers des sites web externes de tiers, sur le contenu desquels nous n'avons aucun contr\u00f4le. Par cons\u00e9quent, nous ne pouvons assumer aucune responsabilit\u00e9 pour ces contenus externes. Le fournisseur ou l'exploitant des pages li\u00e9es est toujours responsable de leur contenu.<\/p>\n<p data-start=\"1352\" data-end=\"1614\">Les pages li\u00e9es ont \u00e9t\u00e9 v\u00e9rifi\u00e9es au moment de la cr\u00e9ation des liens pour s'assurer qu'elles ne pr\u00e9sentent pas d'\u00e9ventuelles violations de la loi. Aucun contenu illicite n'a \u00e9t\u00e9 identifi\u00e9 \u00e0 ce moment-l\u00e0. Un contr\u00f4le permanent du contenu des pages li\u00e9es n'est toutefois pas raisonnable en l'absence de preuves concr\u00e8tes d'une violation de la loi.<\/p>\n<p data-start=\"1616\" data-end=\"1710\">Si nous avons connaissance de violations de la loi sur des sites li\u00e9s, nous supprimerons imm\u00e9diatement ces liens.<\/p>\n<h2 data-start=\"1712\" data-end=\"1728\"><strong data-start=\"1715\" data-end=\"1728\">Droit d'auteur<\/strong><\/h2>\n<p data-start=\"1730\" data-end=\"2037\">Le contenu et les \u0153uvres cr\u00e9\u00e9s par les exploitants du site sur ces pages sont soumis \u00e0 la loi allemande sur les droits d'auteur. Les contributions de tiers sont signal\u00e9es comme telles. La reproduction, l'\u00e9dition, la distribution et tout type d'utilisation en dehors des limites du droit d'auteur requi\u00e8rent l'accord \u00e9crit de l'auteur ou du cr\u00e9ateur concern\u00e9.<\/p>\n<p data-start=\"2039\" data-end=\"2231\">Les t\u00e9l\u00e9chargements et les copies de ce site ne sont autoris\u00e9s que pour un usage priv\u00e9 et non commercial. Lorsque le contenu de ce site n'a pas \u00e9t\u00e9 cr\u00e9\u00e9 par l'op\u00e9rateur, les droits d'auteur des tiers sont respect\u00e9s.<\/p>\n<p data-start=\"2233\" data-end=\"2410\">Si vous avez n\u00e9anmoins connaissance d'une violation des droits d'auteur, veuillez nous en informer. D\u00e8s que nous aurons connaissance d'une violation de la loi, nous supprimerons imm\u00e9diatement le contenu en question.<\/p>","protected":false},"excerpt":{"rendered":"<p>1. Contact Information &nbsp; Represented by: Wes English Liability for Content As a service provider, we are responsible for our own content on these pages in accordance with \u00a7 7(1) TMG and general legislation. We make every effort to keep all content up to date, complete, and correct. However, we cannot assume liability or guarantee [&hellip;]<\/p>\n","protected":false},"author":3,"featured_media":0,"parent":0,"menu_order":0,"comment_status":"closed","ping_status":"closed","template":"","meta":{"_acf_changed":false,"footnotes":""},"class_list":["post-2329","page","type-page","status-publish","hentry"],"acf":[],"yoast_head":"<!-- This site is optimized with the Yoast SEO plugin v27.3 - https:\/\/yoast.com\/product\/yoast-seo-wordpress\/ -->\n<title>Imprint - Tiny Escape<\/title>\n<meta name=\"robots\" content=\"index, follow, max-snippet:-1, max-image-preview:large, max-video-preview:-1\" \/>\n<link rel=\"canonical\" href=\"https:\/\/tinyescape.co\/fr\/divulgation-legale\/\" \/>\n<meta property=\"og:locale\" content=\"fr_FR\" \/>\n<meta property=\"og:type\" content=\"article\" \/>\n<meta property=\"og:title\" content=\"Imprint - Tiny Escape\" \/>\n<meta property=\"og:description\" content=\"1. Contact Information &nbsp; Represented by: Wes English Liability for Content As a service provider, we are responsible for our own content on these pages in accordance with \u00a7 7(1) TMG and general legislation. We make every effort to keep all content up to date, complete, and correct. However, we cannot assume liability or guarantee [&hellip;]\" \/>\n<meta property=\"og:url\" content=\"https:\/\/tinyescape.co\/fr\/divulgation-legale\/\" \/>\n<meta property=\"og:site_name\" content=\"Tiny Escape\" \/>\n<meta property=\"article:modified_time\" content=\"2025-11-16T06:33:36+00:00\" \/>\n<meta name=\"twitter:card\" content=\"summary_large_image\" \/>\n<meta name=\"twitter:label1\" content=\"Dur\u00e9e de lecture estim\u00e9e\" \/>\n\t<meta name=\"twitter:data1\" content=\"2 minutes\" \/>\n<script type=\"application\/ld+json\" class=\"yoast-schema-graph\">{\"@context\":\"https:\\\/\\\/schema.org\",\"@graph\":[{\"@type\":\"WebPage\",\"@id\":\"https:\\\/\\\/tinyescape.co\\\/legal-disclosure\\\/\",\"url\":\"https:\\\/\\\/tinyescape.co\\\/legal-disclosure\\\/\",\"name\":\"Imprint - Tiny Escape\",\"isPartOf\":{\"@id\":\"https:\\\/\\\/tinyescape.co\\\/#website\"},\"datePublished\":\"2025-11-16T06:27:14+00:00\",\"dateModified\":\"2025-11-16T06:33:36+00:00\",\"breadcrumb\":{\"@id\":\"https:\\\/\\\/tinyescape.co\\\/legal-disclosure\\\/#breadcrumb\"},\"inLanguage\":\"fr-FR\",\"potentialAction\":[{\"@type\":\"ReadAction\",\"target\":[\"https:\\\/\\\/tinyescape.co\\\/legal-disclosure\\\/\"]}]},{\"@type\":\"BreadcrumbList\",\"@id\":\"https:\\\/\\\/tinyescape.co\\\/legal-disclosure\\\/#breadcrumb\",\"itemListElement\":[{\"@type\":\"ListItem\",\"position\":1,\"name\":\"Home\",\"item\":\"https:\\\/\\\/tinyescape.co\\\/\"},{\"@type\":\"ListItem\",\"position\":2,\"name\":\"Imprint\"}]},{\"@type\":\"WebSite\",\"@id\":\"https:\\\/\\\/tinyescape.co\\\/#website\",\"url\":\"https:\\\/\\\/tinyescape.co\\\/\",\"name\":\"Tiny Escape\",\"description\":\"\",\"publisher\":{\"@id\":\"https:\\\/\\\/tinyescape.co\\\/#organization\"},\"potentialAction\":[{\"@type\":\"SearchAction\",\"target\":{\"@type\":\"EntryPoint\",\"urlTemplate\":\"https:\\\/\\\/tinyescape.co\\\/?s={search_term_string}\"},\"query-input\":{\"@type\":\"PropertyValueSpecification\",\"valueRequired\":true,\"valueName\":\"search_term_string\"}}],\"inLanguage\":\"fr-FR\"},{\"@type\":\"Organization\",\"@id\":\"https:\\\/\\\/tinyescape.co\\\/#organization\",\"name\":\"Tiny Escape\",\"url\":\"https:\\\/\\\/tinyescape.co\\\/\",\"logo\":{\"@type\":\"ImageObject\",\"inLanguage\":\"fr-FR\",\"@id\":\"https:\\\/\\\/tinyescape.co\\\/#\\\/schema\\\/logo\\\/image\\\/\",\"url\":\"https:\\\/\\\/tinyescape.co\\\/wp-content\\\/uploads\\\/2025\\\/09\\\/cropped-Tiny-Escape.png\",\"contentUrl\":\"https:\\\/\\\/tinyescape.co\\\/wp-content\\\/uploads\\\/2025\\\/09\\\/cropped-Tiny-Escape.png\",\"width\":219,\"height\":219,\"caption\":\"Tiny Escape\"},\"image\":{\"@id\":\"https:\\\/\\\/tinyescape.co\\\/#\\\/schema\\\/logo\\\/image\\\/\"}}]}<\/script>\n<!-- \/ Yoast SEO plugin. -->","yoast_head_json":{"title":"Mentions l\u00e9gales - Tiny Escape","robots":{"index":"index","follow":"follow","max-snippet":"max-snippet:-1","max-image-preview":"max-image-preview:large","max-video-preview":"max-video-preview:-1"},"canonical":"https:\/\/tinyescape.co\/fr\/divulgation-legale\/","og_locale":"fr_FR","og_type":"article","og_title":"Imprint - Tiny Escape","og_description":"1. Contact Information &nbsp; Represented by: Wes English Liability for Content As a service provider, we are responsible for our own content on these pages in accordance with \u00a7 7(1) TMG and general legislation. We make every effort to keep all content up to date, complete, and correct. However, we cannot assume liability or guarantee [&hellip;]","og_url":"https:\/\/tinyescape.co\/fr\/divulgation-legale\/","og_site_name":"Tiny Escape","article_modified_time":"2025-11-16T06:33:36+00:00","twitter_card":"summary_large_image","twitter_misc":{"Dur\u00e9e de lecture estim\u00e9e":"2 minutes"},"schema":{"@context":"https:\/\/schema.org","@graph":[{"@type":"WebPage","@id":"https:\/\/tinyescape.co\/legal-disclosure\/","url":"https:\/\/tinyescape.co\/legal-disclosure\/","name":"Mentions l\u00e9gales - Tiny Escape","isPartOf":{"@id":"https:\/\/tinyescape.co\/#website"},"datePublished":"2025-11-16T06:27:14+00:00","dateModified":"2025-11-16T06:33:36+00:00","breadcrumb":{"@id":"https:\/\/tinyescape.co\/legal-disclosure\/#breadcrumb"},"inLanguage":"fr-FR","potentialAction":[{"@type":"ReadAction","target":["https:\/\/tinyescape.co\/legal-disclosure\/"]}]},{"@type":"BreadcrumbList","@id":"https:\/\/tinyescape.co\/legal-disclosure\/#breadcrumb","itemListElement":[{"@type":"ListItem","position":1,"name":"Home","item":"https:\/\/tinyescape.co\/"},{"@type":"ListItem","position":2,"name":"Imprint"}]},{"@type":"WebSite","@id":"https:\/\/tinyescape.co\/#website","url":"https:\/\/tinyescape.co\/","name":"Petite \u00e9vasion","description":"","publisher":{"@id":"https:\/\/tinyescape.co\/#organization"},"potentialAction":[{"@type":"SearchAction","target":{"@type":"EntryPoint","urlTemplate":"https:\/\/tinyescape.co\/?s={search_term_string}"},"query-input":{"@type":"PropertyValueSpecification","valueRequired":true,"valueName":"search_term_string"}}],"inLanguage":"fr-FR"},{"@type":"Organization","@id":"https:\/\/tinyescape.co\/#organization","name":"Petite \u00e9vasion","url":"https:\/\/tinyescape.co\/","logo":{"@type":"ImageObject","inLanguage":"fr-FR","@id":"https:\/\/tinyescape.co\/#\/schema\/logo\/image\/","url":"https:\/\/tinyescape.co\/wp-content\/uploads\/2025\/09\/cropped-Tiny-Escape.png","contentUrl":"https:\/\/tinyescape.co\/wp-content\/uploads\/2025\/09\/cropped-Tiny-Escape.png","width":219,"height":219,"caption":"Tiny Escape"},"image":{"@id":"https:\/\/tinyescape.co\/#\/schema\/logo\/image\/"}}]}},"_links":{"self":[{"href":"https:\/\/tinyescape.co\/fr\/wp-json\/wp\/v2\/pages\/2329","targetHints":{"allow":["GET"]}}],"collection":[{"href":"https:\/\/tinyescape.co\/fr\/wp-json\/wp\/v2\/pages"}],"about":[{"href":"https:\/\/tinyescape.co\/fr\/wp-json\/wp\/v2\/types\/page"}],"author":[{"embeddable":true,"href":"https:\/\/tinyescape.co\/fr\/wp-json\/wp\/v2\/users\/3"}],"replies":[{"embeddable":true,"href":"https:\/\/tinyescape.co\/fr\/wp-json\/wp\/v2\/comments?post=2329"}],"version-history":[{"count":3,"href":"https:\/\/tinyescape.co\/fr\/wp-json\/wp\/v2\/pages\/2329\/revisions"}],"predecessor-version":[{"id":2336,"href":"https:\/\/tinyescape.co\/fr\/wp-json\/wp\/v2\/pages\/2329\/revisions\/2336"}],"wp:attachment":[{"href":"https:\/\/tinyescape.co\/fr\/wp-json\/wp\/v2\/media?parent=2329"}],"curies":[{"name":"wp","href":"https:\/\/api.w.org\/{rel}","templated":true}]}}