{"id":2329,"date":"2025-11-16T06:27:14","date_gmt":"2025-11-16T06:27:14","guid":{"rendered":"https:\/\/tinyescape.co\/?page_id=2329"},"modified":"2025-11-16T06:33:36","modified_gmt":"2025-11-16T06:33:36","slug":"divulgacao-legal","status":"publish","type":"page","link":"https:\/\/tinyescape.co\/pt\/legal-disclosure\/","title":{"rendered":"Impress\u00e3o"},"content":{"rendered":"<h2><strong>1. Informa\u00e7\u00f5es de contacto<\/strong><\/h2>\n<p>&nbsp;<\/p>\n<p>Representado por: Wes English<\/p>\n<h2 data-start=\"196\" data-end=\"224\"><strong data-start=\"199\" data-end=\"224\">Responsabilidade pelo conte\u00fado<\/strong><\/h2>\n<p data-start=\"226\" data-end=\"553\">Enquanto prestador de servi\u00e7os, somos respons\u00e1veis pelo nosso pr\u00f3prio conte\u00fado nestas p\u00e1ginas, de acordo com o \u00a7 7(1) TMG e a legisla\u00e7\u00e3o geral. Fazemos todos os esfor\u00e7os para manter todos os conte\u00fados actualizados, completos e corretos. No entanto, n\u00e3o podemos assumir a responsabilidade ou garantir a atualidade, integridade ou exatid\u00e3o dos conte\u00fados fornecidos.<\/p>\n<p data-start=\"555\" data-end=\"1043\">De acordo com os \u00a7\u00a7 8 a 10 da TMG, n\u00f3s, enquanto prestadores de servi\u00e7os, n\u00e3o somos obrigados a monitorizar informa\u00e7\u00f5es transmitidas ou armazenadas de terceiros ou a investigar circunst\u00e2ncias que indiquem atividade ilegal. As obriga\u00e7\u00f5es de remover ou bloquear a utiliza\u00e7\u00e3o de informa\u00e7\u00f5es ao abrigo da legisla\u00e7\u00e3o geral n\u00e3o s\u00e3o afectadas. No entanto, a responsabilidade a este respeito s\u00f3 \u00e9 poss\u00edvel a partir do momento em que tomamos conhecimento de uma viola\u00e7\u00e3o legal espec\u00edfica. Se tais viola\u00e7\u00f5es forem conhecidas, removeremos imediatamente o conte\u00fado afetado.<\/p>\n<h2 data-start=\"1045\" data-end=\"1071\"><strong data-start=\"1048\" data-end=\"1071\">Responsabilidade pelas liga\u00e7\u00f5es<\/strong><\/h2>\n<p data-start=\"1073\" data-end=\"1350\">O nosso s\u00edtio Web cont\u00e9m liga\u00e7\u00f5es para s\u00edtios Web externos de terceiros, sobre cujo conte\u00fado n\u00e3o temos qualquer controlo. Por conseguinte, n\u00e3o podemos assumir qualquer responsabilidade por estes conte\u00fados externos. O respetivo fornecedor ou operador das p\u00e1ginas ligadas \u00e9 sempre respons\u00e1vel pelo seu conte\u00fado.<\/p>\n<p data-start=\"1352\" data-end=\"1614\">As p\u00e1ginas ligadas foram verificadas quanto a poss\u00edveis viola\u00e7\u00f5es da lei no momento da liga\u00e7\u00e3o. Nessa altura, n\u00e3o foi identificado qualquer conte\u00fado ilegal. No entanto, o controlo permanente do conte\u00fado das p\u00e1ginas ligadas n\u00e3o \u00e9 razo\u00e1vel sem provas concretas de uma viola\u00e7\u00e3o da lei.<\/p>\n<p data-start=\"1616\" data-end=\"1710\">Se tivermos conhecimento de viola\u00e7\u00f5es legais em s\u00edtios ligados, removeremos imediatamente essas liga\u00e7\u00f5es.<\/p>\n<h2 data-start=\"1712\" data-end=\"1728\"><strong data-start=\"1715\" data-end=\"1728\">Direitos de autor<\/strong><\/h2>\n<p data-start=\"1730\" data-end=\"2037\">Os conte\u00fados e obras criados pelos operadores do s\u00edtio nestas p\u00e1ginas est\u00e3o sujeitos \u00e0 legisla\u00e7\u00e3o alem\u00e3 em mat\u00e9ria de direitos de autor. As contribui\u00e7\u00f5es de terceiros est\u00e3o assinaladas como tal. A reprodu\u00e7\u00e3o, edi\u00e7\u00e3o, distribui\u00e7\u00e3o e qualquer tipo de utiliza\u00e7\u00e3o fora dos limites da lei dos direitos de autor requerem o consentimento escrito do respetivo autor ou criador.<\/p>\n<p data-start=\"2039\" data-end=\"2231\">Os downloads e c\u00f3pias deste s\u00edtio s\u00f3 s\u00e3o permitidos para uso privado e n\u00e3o comercial. Nos casos em que o conte\u00fado deste s\u00edtio n\u00e3o foi criado pelo operador, os direitos de autor de terceiros s\u00e3o respeitados.<\/p>\n<p data-start=\"2233\" data-end=\"2410\">Se, no entanto, tiver conhecimento de uma infra\u00e7\u00e3o aos direitos de autor, informe-nos em conformidade. Ao tomar conhecimento de quaisquer viola\u00e7\u00f5es legais, removeremos imediatamente esse conte\u00fado.<\/p>","protected":false},"excerpt":{"rendered":"<p>1. Contact Information &nbsp; Represented by: Wes English Liability for Content As a service provider, we are responsible for our own content on these pages in accordance with \u00a7 7(1) TMG and general legislation. We make every effort to keep all content up to date, complete, and correct. However, we cannot assume liability or guarantee [&hellip;]<\/p>\n","protected":false},"author":3,"featured_media":0,"parent":0,"menu_order":0,"comment_status":"closed","ping_status":"closed","template":"","meta":{"_acf_changed":false,"footnotes":""},"class_list":["post-2329","page","type-page","status-publish","hentry"],"acf":[],"yoast_head":"<!-- This site is optimized with the Yoast SEO plugin v27.3 - https:\/\/yoast.com\/product\/yoast-seo-wordpress\/ -->\n<title>Imprint - Tiny Escape<\/title>\n<meta name=\"robots\" content=\"index, follow, max-snippet:-1, max-image-preview:large, max-video-preview:-1\" \/>\n<link rel=\"canonical\" href=\"https:\/\/tinyescape.co\/pt\/divulgacao-legal\/\" \/>\n<meta property=\"og:locale\" content=\"pt_PT\" \/>\n<meta property=\"og:type\" content=\"article\" \/>\n<meta property=\"og:title\" content=\"Imprint - Tiny Escape\" \/>\n<meta property=\"og:description\" content=\"1. Contact Information &nbsp; Represented by: Wes English Liability for Content As a service provider, we are responsible for our own content on these pages in accordance with \u00a7 7(1) TMG and general legislation. We make every effort to keep all content up to date, complete, and correct. However, we cannot assume liability or guarantee [&hellip;]\" \/>\n<meta property=\"og:url\" content=\"https:\/\/tinyescape.co\/pt\/divulgacao-legal\/\" \/>\n<meta property=\"og:site_name\" content=\"Tiny Escape\" \/>\n<meta property=\"article:modified_time\" content=\"2025-11-16T06:33:36+00:00\" \/>\n<meta name=\"twitter:card\" content=\"summary_large_image\" \/>\n<meta name=\"twitter:label1\" content=\"Tempo estimado de leitura\" \/>\n\t<meta name=\"twitter:data1\" content=\"2 minutos\" \/>\n<script type=\"application\/ld+json\" class=\"yoast-schema-graph\">{\"@context\":\"https:\\\/\\\/schema.org\",\"@graph\":[{\"@type\":\"WebPage\",\"@id\":\"https:\\\/\\\/tinyescape.co\\\/legal-disclosure\\\/\",\"url\":\"https:\\\/\\\/tinyescape.co\\\/legal-disclosure\\\/\",\"name\":\"Imprint - Tiny Escape\",\"isPartOf\":{\"@id\":\"https:\\\/\\\/tinyescape.co\\\/#website\"},\"datePublished\":\"2025-11-16T06:27:14+00:00\",\"dateModified\":\"2025-11-16T06:33:36+00:00\",\"breadcrumb\":{\"@id\":\"https:\\\/\\\/tinyescape.co\\\/legal-disclosure\\\/#breadcrumb\"},\"inLanguage\":\"pt-PT\",\"potentialAction\":[{\"@type\":\"ReadAction\",\"target\":[\"https:\\\/\\\/tinyescape.co\\\/legal-disclosure\\\/\"]}]},{\"@type\":\"BreadcrumbList\",\"@id\":\"https:\\\/\\\/tinyescape.co\\\/legal-disclosure\\\/#breadcrumb\",\"itemListElement\":[{\"@type\":\"ListItem\",\"position\":1,\"name\":\"Home\",\"item\":\"https:\\\/\\\/tinyescape.co\\\/\"},{\"@type\":\"ListItem\",\"position\":2,\"name\":\"Imprint\"}]},{\"@type\":\"WebSite\",\"@id\":\"https:\\\/\\\/tinyescape.co\\\/#website\",\"url\":\"https:\\\/\\\/tinyescape.co\\\/\",\"name\":\"Tiny Escape\",\"description\":\"\",\"publisher\":{\"@id\":\"https:\\\/\\\/tinyescape.co\\\/#organization\"},\"potentialAction\":[{\"@type\":\"SearchAction\",\"target\":{\"@type\":\"EntryPoint\",\"urlTemplate\":\"https:\\\/\\\/tinyescape.co\\\/?s={search_term_string}\"},\"query-input\":{\"@type\":\"PropertyValueSpecification\",\"valueRequired\":true,\"valueName\":\"search_term_string\"}}],\"inLanguage\":\"pt-PT\"},{\"@type\":\"Organization\",\"@id\":\"https:\\\/\\\/tinyescape.co\\\/#organization\",\"name\":\"Tiny Escape\",\"url\":\"https:\\\/\\\/tinyescape.co\\\/\",\"logo\":{\"@type\":\"ImageObject\",\"inLanguage\":\"pt-PT\",\"@id\":\"https:\\\/\\\/tinyescape.co\\\/#\\\/schema\\\/logo\\\/image\\\/\",\"url\":\"https:\\\/\\\/tinyescape.co\\\/wp-content\\\/uploads\\\/2025\\\/09\\\/cropped-Tiny-Escape.png\",\"contentUrl\":\"https:\\\/\\\/tinyescape.co\\\/wp-content\\\/uploads\\\/2025\\\/09\\\/cropped-Tiny-Escape.png\",\"width\":219,\"height\":219,\"caption\":\"Tiny Escape\"},\"image\":{\"@id\":\"https:\\\/\\\/tinyescape.co\\\/#\\\/schema\\\/logo\\\/image\\\/\"}}]}<\/script>\n<!-- \/ Yoast SEO plugin. -->","yoast_head_json":{"title":"Impress\u00e3o - Tiny Escape","robots":{"index":"index","follow":"follow","max-snippet":"max-snippet:-1","max-image-preview":"max-image-preview:large","max-video-preview":"max-video-preview:-1"},"canonical":"https:\/\/tinyescape.co\/pt\/divulgacao-legal\/","og_locale":"pt_PT","og_type":"article","og_title":"Imprint - Tiny Escape","og_description":"1. Contact Information &nbsp; Represented by: Wes English Liability for Content As a service provider, we are responsible for our own content on these pages in accordance with \u00a7 7(1) TMG and general legislation. We make every effort to keep all content up to date, complete, and correct. However, we cannot assume liability or guarantee [&hellip;]","og_url":"https:\/\/tinyescape.co\/pt\/divulgacao-legal\/","og_site_name":"Tiny Escape","article_modified_time":"2025-11-16T06:33:36+00:00","twitter_card":"summary_large_image","twitter_misc":{"Tempo estimado de leitura":"2 minutos"},"schema":{"@context":"https:\/\/schema.org","@graph":[{"@type":"WebPage","@id":"https:\/\/tinyescape.co\/legal-disclosure\/","url":"https:\/\/tinyescape.co\/legal-disclosure\/","name":"Impress\u00e3o - Tiny Escape","isPartOf":{"@id":"https:\/\/tinyescape.co\/#website"},"datePublished":"2025-11-16T06:27:14+00:00","dateModified":"2025-11-16T06:33:36+00:00","breadcrumb":{"@id":"https:\/\/tinyescape.co\/legal-disclosure\/#breadcrumb"},"inLanguage":"pt-PT","potentialAction":[{"@type":"ReadAction","target":["https:\/\/tinyescape.co\/legal-disclosure\/"]}]},{"@type":"BreadcrumbList","@id":"https:\/\/tinyescape.co\/legal-disclosure\/#breadcrumb","itemListElement":[{"@type":"ListItem","position":1,"name":"Home","item":"https:\/\/tinyescape.co\/"},{"@type":"ListItem","position":2,"name":"Imprint"}]},{"@type":"WebSite","@id":"https:\/\/tinyescape.co\/#website","url":"https:\/\/tinyescape.co\/","name":"Fuga min\u00fascula","description":"","publisher":{"@id":"https:\/\/tinyescape.co\/#organization"},"potentialAction":[{"@type":"SearchAction","target":{"@type":"EntryPoint","urlTemplate":"https:\/\/tinyescape.co\/?s={search_term_string}"},"query-input":{"@type":"PropertyValueSpecification","valueRequired":true,"valueName":"search_term_string"}}],"inLanguage":"pt-PT"},{"@type":"Organization","@id":"https:\/\/tinyescape.co\/#organization","name":"Fuga min\u00fascula","url":"https:\/\/tinyescape.co\/","logo":{"@type":"ImageObject","inLanguage":"pt-PT","@id":"https:\/\/tinyescape.co\/#\/schema\/logo\/image\/","url":"https:\/\/tinyescape.co\/wp-content\/uploads\/2025\/09\/cropped-Tiny-Escape.png","contentUrl":"https:\/\/tinyescape.co\/wp-content\/uploads\/2025\/09\/cropped-Tiny-Escape.png","width":219,"height":219,"caption":"Tiny Escape"},"image":{"@id":"https:\/\/tinyescape.co\/#\/schema\/logo\/image\/"}}]}},"_links":{"self":[{"href":"https:\/\/tinyescape.co\/pt\/wp-json\/wp\/v2\/pages\/2329","targetHints":{"allow":["GET"]}}],"collection":[{"href":"https:\/\/tinyescape.co\/pt\/wp-json\/wp\/v2\/pages"}],"about":[{"href":"https:\/\/tinyescape.co\/pt\/wp-json\/wp\/v2\/types\/page"}],"author":[{"embeddable":true,"href":"https:\/\/tinyescape.co\/pt\/wp-json\/wp\/v2\/users\/3"}],"replies":[{"embeddable":true,"href":"https:\/\/tinyescape.co\/pt\/wp-json\/wp\/v2\/comments?post=2329"}],"version-history":[{"count":3,"href":"https:\/\/tinyescape.co\/pt\/wp-json\/wp\/v2\/pages\/2329\/revisions"}],"predecessor-version":[{"id":2336,"href":"https:\/\/tinyescape.co\/pt\/wp-json\/wp\/v2\/pages\/2329\/revisions\/2336"}],"wp:attachment":[{"href":"https:\/\/tinyescape.co\/pt\/wp-json\/wp\/v2\/media?parent=2329"}],"curies":[{"name":"wp","href":"https:\/\/api.w.org\/{rel}","templated":true}]}}