{"id":3,"date":"2025-09-29T04:02:28","date_gmt":"2025-09-29T04:02:28","guid":{"rendered":"https:\/\/r1ard5w0gq.wpdns.site\/?page_id=3"},"modified":"2025-11-16T06:33:29","modified_gmt":"2025-11-16T06:33:29","slug":"politica-de-privacidade","status":"publish","type":"page","link":"https:\/\/tinyescape.co\/pt\/privacy-policy\/","title":{"rendered":"Pol\u00edtica de privacidade"},"content":{"rendered":"<h2 class=\"wp-block-heading\"><strong>1. Informa\u00e7\u00f5es de contacto<\/strong><\/h2>\r\n<p>&nbsp;<\/p>\r\n<p>Representado por: Wes English<\/p>\r\n<h2><strong>2. Informa\u00e7\u00f5es gerais sobre o tratamento de dados<\/strong><\/h2>\r\n<p>Processamos os dados pessoais dos nossos utilizadores apenas na medida do necess\u00e1rio para fornecer um s\u00edtio Web funcional e os nossos conte\u00fados e servi\u00e7os. O tratamento \u00e9 geralmente efectuado com base no consentimento do utilizador ou quando as disposi\u00e7\u00f5es legais o permitem.<\/p>\r\n<h2><strong>3. Recolha de dados durante a visita ao s\u00edtio Web<\/strong><\/h2>\r\n<p>Quando acede ao nosso s\u00edtio Web, as informa\u00e7\u00f5es s\u00e3o automaticamente transmitidas pelo seu navegador ao nosso servidor e temporariamente armazenadas em ficheiros de registo. Isto inclui, entre outras coisas:<\/p>\r\n<ul>\r\n<li>\r\n<p>Endere\u00e7o IP<\/p>\r\n<\/li>\r\n<li>\r\n<p>Data e hora de acesso<\/p>\r\n<\/li>\r\n<li>\r\n<p>Nome do ficheiro acedido<\/p>\r\n<\/li>\r\n<li>\r\n<p>URL de refer\u00eancia<\/p>\r\n<\/li>\r\n<li>\r\n<p>Tipo de navegador e sistema operativo<\/p>\r\n<\/li>\r\n<\/ul>\r\n<p>Estes dados s\u00e3o utilizados para garantir o funcionamento seguro do s\u00edtio Web, para an\u00e1lise de erros e para melhorar os nossos servi\u00e7os.<\/p>\r\n<h2><strong>4. Biscoitos<\/strong><\/h2>\r\n<p>Utilizamos cookies para tornar o nosso s\u00edtio Web mais f\u00e1cil de utilizar, para medir o alcance e para fornecer funcionalidades opcionais. Pode bloquear ou apagar os cookies em qualquer altura atrav\u00e9s das defini\u00e7\u00f5es do seu browser.<\/p>\r\n<h2><strong>5. Comunica\u00e7\u00e3o<\/strong><\/h2>\r\n<p>Se nos contactar por e-mail, telefone, WhatsApp ou atrav\u00e9s de um formul\u00e1rio, as suas informa\u00e7\u00f5es ser\u00e3o armazenadas para efeitos de processamento do seu pedido e n\u00e3o ser\u00e3o partilhadas sem o seu consentimento.<\/p>\r\n<h2><strong>6. Ferramentas e servi\u00e7os utilizados<\/strong><\/h2>\r\n<p>Para fornecer e otimizar os nossos servi\u00e7os, utilizamos os seguintes fornecedores terceiros, que podem processar dados pessoais no \u00e2mbito da presta\u00e7\u00e3o dos seus servi\u00e7os (por exemplo, endere\u00e7o IP, informa\u00e7\u00f5es sobre o dispositivo, dados de pagamento ou de comunica\u00e7\u00e3o):<\/p>\r\n<ul>\r\n<li>\r\n<p><strong>Alojamento<\/strong>: Hostinger<\/p>\r\n<\/li>\r\n<li>\r\n<p><strong>Prote\u00e7\u00e3o contra spam\/bots<\/strong>: Google reCAPTCHA<\/p>\r\n<\/li>\r\n<li>\r\n<p><strong>Fontes<\/strong>: Google Fonts\u00a0<\/p>\r\n<\/li>\r\n<li><strong>WordPress:<\/strong> Elementor<\/li>\r\n<li>\r\n<p><strong>Reserva<\/strong>: Cloudbeds<\/p>\r\n<\/li>\r\n<\/ul>\r\n<p>O tratamento destes dados baseia-se no Art. 6(1)(b) do RGPD (execu\u00e7\u00e3o do contrato), Art. 6(1)(f) do RGPD (interesse leg\u00edtimo), ou no seu consentimento nos termos do Art. 6(1)(a) do RGPD.<\/p>\r\n<p>Para mais informa\u00e7\u00f5es, consultar as pol\u00edticas de privacidade dos respectivos fornecedores.<\/p>\r\n<h2><strong>7. Os seus direitos<\/strong><\/h2>\r\n<p>O utilizador tem o direito de, a qualquer momento, aceder, corrigir, apagar, restringir o tratamento, solicitar a portabilidade dos dados e opor-se ao tratamento dos seus dados pessoais.<\/p>\r\n<p>Os pedidos devem ser dirigidos ao contacto indicado na impress\u00e3o.<\/p>\r\n<h2><strong>8. Retirada do consentimento<\/strong><\/h2>\r\n<p>O utilizador pode revogar o seu consentimento em qualquer altura, com efeitos para o futuro.<\/p>\r\n<h2><strong>9. Direito de apresentar uma queixa<\/strong><\/h2>\r\n<p>O utilizador tem o direito de apresentar uma queixa junto de uma autoridade de controlo da prote\u00e7\u00e3o de dados.<\/p>\r\n<h2><strong>10. Seguran\u00e7a dos dados<\/strong><\/h2>\r\n<p>Utilizamos medidas de seguran\u00e7a t\u00e9cnicas e organizacionais para proteger os seus dados contra perda, utiliza\u00e7\u00e3o indevida e acesso n\u00e3o autorizado.<\/p>\r\n<h2><strong>11. Encripta\u00e7\u00e3o SSL<\/strong><\/h2>\r\n<p>Por raz\u00f5es de seguran\u00e7a e para proteger a transmiss\u00e3o de conte\u00fados confidenciais, este s\u00edtio Web utiliza a encripta\u00e7\u00e3o SSL.<\/p>","protected":false},"excerpt":{"rendered":"<p>1. Contact Information &nbsp; Represented by: Wes English 2. General Information on Data Processing We process personal data of our users only to the extent necessary to provide a functional website and our content and services. Processing generally takes place based on the user&#8217;s consent or when legal provisions permit it. 3. Data Collection When [&hellip;]<\/p>\n","protected":false},"author":1,"featured_media":0,"parent":0,"menu_order":0,"comment_status":"closed","ping_status":"closed","template":"","meta":{"_acf_changed":false,"footnotes":""},"class_list":["post-3","page","type-page","status-publish","hentry"],"acf":[],"yoast_head":"<!-- This site is optimized with the Yoast SEO plugin v27.3 - https:\/\/yoast.com\/product\/yoast-seo-wordpress\/ -->\n<title>Privacy Policy - Tiny Escape<\/title>\n<meta name=\"robots\" content=\"noindex, follow\" \/>\n<meta property=\"og:locale\" content=\"pt_PT\" \/>\n<meta property=\"og:type\" content=\"article\" \/>\n<meta property=\"og:title\" content=\"Privacy Policy - Tiny Escape\" \/>\n<meta property=\"og:description\" content=\"1. Contact Information &nbsp; Represented by: Wes English 2. General Information on Data Processing We process personal data of our users only to the extent necessary to provide a functional website and our content and services. Processing generally takes place based on the user&#8217;s consent or when legal provisions permit it. 3. Data Collection When [&hellip;]\" \/>\n<meta property=\"og:url\" content=\"https:\/\/tinyescape.co\/pt\/politica-de-privacidade\/\" \/>\n<meta property=\"og:site_name\" content=\"Tiny Escape\" \/>\n<meta property=\"article:modified_time\" content=\"2025-11-16T06:33:29+00:00\" \/>\n<meta name=\"twitter:card\" content=\"summary_large_image\" \/>\n<meta name=\"twitter:label1\" content=\"Tempo estimado de leitura\" \/>\n\t<meta name=\"twitter:data1\" content=\"2 minutos\" \/>\n<script type=\"application\/ld+json\" class=\"yoast-schema-graph\">{\"@context\":\"https:\\\/\\\/schema.org\",\"@graph\":[{\"@type\":\"WebPage\",\"@id\":\"https:\\\/\\\/tinyescape.co\\\/privacy-policy\\\/\",\"url\":\"https:\\\/\\\/tinyescape.co\\\/privacy-policy\\\/\",\"name\":\"Privacy Policy - Tiny Escape\",\"isPartOf\":{\"@id\":\"https:\\\/\\\/tinyescape.co\\\/#website\"},\"datePublished\":\"2025-09-29T04:02:28+00:00\",\"dateModified\":\"2025-11-16T06:33:29+00:00\",\"breadcrumb\":{\"@id\":\"https:\\\/\\\/tinyescape.co\\\/privacy-policy\\\/#breadcrumb\"},\"inLanguage\":\"pt-PT\",\"potentialAction\":[{\"@type\":\"ReadAction\",\"target\":[\"https:\\\/\\\/tinyescape.co\\\/privacy-policy\\\/\"]}]},{\"@type\":\"BreadcrumbList\",\"@id\":\"https:\\\/\\\/tinyescape.co\\\/privacy-policy\\\/#breadcrumb\",\"itemListElement\":[{\"@type\":\"ListItem\",\"position\":1,\"name\":\"Home\",\"item\":\"https:\\\/\\\/tinyescape.co\\\/\"},{\"@type\":\"ListItem\",\"position\":2,\"name\":\"Privacy Policy\"}]},{\"@type\":\"WebSite\",\"@id\":\"https:\\\/\\\/tinyescape.co\\\/#website\",\"url\":\"https:\\\/\\\/tinyescape.co\\\/\",\"name\":\"Tiny Escape\",\"description\":\"\",\"publisher\":{\"@id\":\"https:\\\/\\\/tinyescape.co\\\/#organization\"},\"potentialAction\":[{\"@type\":\"SearchAction\",\"target\":{\"@type\":\"EntryPoint\",\"urlTemplate\":\"https:\\\/\\\/tinyescape.co\\\/?s={search_term_string}\"},\"query-input\":{\"@type\":\"PropertyValueSpecification\",\"valueRequired\":true,\"valueName\":\"search_term_string\"}}],\"inLanguage\":\"pt-PT\"},{\"@type\":\"Organization\",\"@id\":\"https:\\\/\\\/tinyescape.co\\\/#organization\",\"name\":\"Tiny Escape\",\"url\":\"https:\\\/\\\/tinyescape.co\\\/\",\"logo\":{\"@type\":\"ImageObject\",\"inLanguage\":\"pt-PT\",\"@id\":\"https:\\\/\\\/tinyescape.co\\\/#\\\/schema\\\/logo\\\/image\\\/\",\"url\":\"https:\\\/\\\/tinyescape.co\\\/wp-content\\\/uploads\\\/2025\\\/09\\\/cropped-Tiny-Escape.png\",\"contentUrl\":\"https:\\\/\\\/tinyescape.co\\\/wp-content\\\/uploads\\\/2025\\\/09\\\/cropped-Tiny-Escape.png\",\"width\":219,\"height\":219,\"caption\":\"Tiny Escape\"},\"image\":{\"@id\":\"https:\\\/\\\/tinyescape.co\\\/#\\\/schema\\\/logo\\\/image\\\/\"}}]}<\/script>\n<!-- \/ Yoast SEO plugin. -->","yoast_head_json":{"title":"Pol\u00edtica de privacidade - Tiny Escape","robots":{"index":"noindex","follow":"follow"},"og_locale":"pt_PT","og_type":"article","og_title":"Privacy Policy - Tiny Escape","og_description":"1. Contact Information &nbsp; Represented by: Wes English 2. General Information on Data Processing We process personal data of our users only to the extent necessary to provide a functional website and our content and services. Processing generally takes place based on the user&#8217;s consent or when legal provisions permit it. 3. Data Collection When [&hellip;]","og_url":"https:\/\/tinyescape.co\/pt\/politica-de-privacidade\/","og_site_name":"Tiny Escape","article_modified_time":"2025-11-16T06:33:29+00:00","twitter_card":"summary_large_image","twitter_misc":{"Tempo estimado de leitura":"2 minutos"},"schema":{"@context":"https:\/\/schema.org","@graph":[{"@type":"WebPage","@id":"https:\/\/tinyescape.co\/privacy-policy\/","url":"https:\/\/tinyescape.co\/privacy-policy\/","name":"Pol\u00edtica de privacidade - Tiny Escape","isPartOf":{"@id":"https:\/\/tinyescape.co\/#website"},"datePublished":"2025-09-29T04:02:28+00:00","dateModified":"2025-11-16T06:33:29+00:00","breadcrumb":{"@id":"https:\/\/tinyescape.co\/privacy-policy\/#breadcrumb"},"inLanguage":"pt-PT","potentialAction":[{"@type":"ReadAction","target":["https:\/\/tinyescape.co\/privacy-policy\/"]}]},{"@type":"BreadcrumbList","@id":"https:\/\/tinyescape.co\/privacy-policy\/#breadcrumb","itemListElement":[{"@type":"ListItem","position":1,"name":"Home","item":"https:\/\/tinyescape.co\/"},{"@type":"ListItem","position":2,"name":"Privacy Policy"}]},{"@type":"WebSite","@id":"https:\/\/tinyescape.co\/#website","url":"https:\/\/tinyescape.co\/","name":"Fuga min\u00fascula","description":"","publisher":{"@id":"https:\/\/tinyescape.co\/#organization"},"potentialAction":[{"@type":"SearchAction","target":{"@type":"EntryPoint","urlTemplate":"https:\/\/tinyescape.co\/?s={search_term_string}"},"query-input":{"@type":"PropertyValueSpecification","valueRequired":true,"valueName":"search_term_string"}}],"inLanguage":"pt-PT"},{"@type":"Organization","@id":"https:\/\/tinyescape.co\/#organization","name":"Fuga min\u00fascula","url":"https:\/\/tinyescape.co\/","logo":{"@type":"ImageObject","inLanguage":"pt-PT","@id":"https:\/\/tinyescape.co\/#\/schema\/logo\/image\/","url":"https:\/\/tinyescape.co\/wp-content\/uploads\/2025\/09\/cropped-Tiny-Escape.png","contentUrl":"https:\/\/tinyescape.co\/wp-content\/uploads\/2025\/09\/cropped-Tiny-Escape.png","width":219,"height":219,"caption":"Tiny Escape"},"image":{"@id":"https:\/\/tinyescape.co\/#\/schema\/logo\/image\/"}}]}},"_links":{"self":[{"href":"https:\/\/tinyescape.co\/pt\/wp-json\/wp\/v2\/pages\/3","targetHints":{"allow":["GET"]}}],"collection":[{"href":"https:\/\/tinyescape.co\/pt\/wp-json\/wp\/v2\/pages"}],"about":[{"href":"https:\/\/tinyescape.co\/pt\/wp-json\/wp\/v2\/types\/page"}],"author":[{"embeddable":true,"href":"https:\/\/tinyescape.co\/pt\/wp-json\/wp\/v2\/users\/1"}],"replies":[{"embeddable":true,"href":"https:\/\/tinyescape.co\/pt\/wp-json\/wp\/v2\/comments?post=3"}],"version-history":[{"count":5,"href":"https:\/\/tinyescape.co\/pt\/wp-json\/wp\/v2\/pages\/3\/revisions"}],"predecessor-version":[{"id":2335,"href":"https:\/\/tinyescape.co\/pt\/wp-json\/wp\/v2\/pages\/3\/revisions\/2335"}],"wp:attachment":[{"href":"https:\/\/tinyescape.co\/pt\/wp-json\/wp\/v2\/media?parent=3"}],"curies":[{"name":"wp","href":"https:\/\/api.w.org\/{rel}","templated":true}]}}